{"id":15897,"date":"2025-02-27T09:41:29","date_gmt":"2025-02-27T08:41:29","guid":{"rendered":"https:\/\/mdbouwmachines.be\/product\/quartz-pavilux\/"},"modified":"2025-02-27T09:41:29","modified_gmt":"2025-02-27T08:41:29","slug":"quartz-pavilux","status":"publish","type":"product","link":"https:\/\/mdbouwmachines.be\/fr\/produit\/quartz-pavilux\/","title":{"rendered":"Quartz Pavilux"},"content":{"rendered":"","protected":false},"excerpt":{"rendered":"<p>Quartz \u00e0 grains tr\u00e8s fins qui se lient tr\u00e8s facilement au b\u00e9ton. Cela garantit une vue optique uniforme du sol ainsi qu\u2019un durcissement de la couche sup\u00e9rieure. Plus r\u00e9sistant aux chutes d\u2019objets. Disponible en 3 couleurs diff\u00e9rentes.   <\/p>\n","protected":false},"featured_media":17230,"template":"","meta":{"_acf_changed":false},"product_brand":[1133],"product_cat":[529],"product_tag":[],"class_list":{"0":"post-15897","1":"product","2":"type-product","3":"status-publish","4":"has-post-thumbnail","6":"product_brand-md-bouwmachines-fr","7":"product_cat-consommables","9":"first","10":"instock","11":"taxable","12":"shipping-taxable","13":"purchasable","14":"product-type-variable","15":"has-default-attributes"},"acf":[],"_links":{"self":[{"href":"https:\/\/mdbouwmachines.be\/fr\/wp-json\/wp\/v2\/product\/15897","targetHints":{"allow":["GET"]}}],"collection":[{"href":"https:\/\/mdbouwmachines.be\/fr\/wp-json\/wp\/v2\/product"}],"about":[{"href":"https:\/\/mdbouwmachines.be\/fr\/wp-json\/wp\/v2\/types\/product"}],"wp:featuredmedia":[{"embeddable":true,"href":"https:\/\/mdbouwmachines.be\/fr\/wp-json\/wp\/v2\/media\/17230"}],"wp:attachment":[{"href":"https:\/\/mdbouwmachines.be\/fr\/wp-json\/wp\/v2\/media?parent=15897"}],"wp:term":[{"taxonomy":"product_brand","embeddable":true,"href":"https:\/\/mdbouwmachines.be\/fr\/wp-json\/wp\/v2\/product_brand?post=15897"},{"taxonomy":"product_cat","embeddable":true,"href":"https:\/\/mdbouwmachines.be\/fr\/wp-json\/wp\/v2\/product_cat?post=15897"},{"taxonomy":"product_tag","embeddable":true,"href":"https:\/\/mdbouwmachines.be\/fr\/wp-json\/wp\/v2\/product_tag?post=15897"}],"curies":[{"name":"wp","href":"https:\/\/api.w.org\/{rel}","templated":true}]}}