{"id":15835,"date":"2025-02-20T13:20:09","date_gmt":"2025-02-20T12:20:09","guid":{"rendered":"https:\/\/mdbouwmachines.be\/product\/mp8-90-polonais\/"},"modified":"2025-03-06T11:31:05","modified_gmt":"2025-03-06T10:31:05","slug":"mp8-90-polonais","status":"publish","type":"product","link":"https:\/\/mdbouwmachines.be\/fr\/produit\/mp8-90-polonais\/","title":{"rendered":"MP8-90 POLONAIS"},"content":{"rendered":"","protected":false},"excerpt":{"rendered":"<p>Le double 90 transform\u00e9 de Barikell. \u00c9quip\u00e9 de croix sp\u00e9ciales qui peuvent r\u00e9sister \u00e0 beaucoup de r\u00e9sistance + de belles plaques de finition pour les \u00e9claboussures d\u2019eau et de mousse. Dispose de 4 tampons par croix o\u00f9 4 blocs de diamant de 8 cm de large peuvent \u00eatre plac\u00e9s par tampon. En raison de son poids \u00e9lev\u00e9, vous pouvez facilement nettoyer\/poncer\/r\u00e9nover un sol. Des blocs de poids suppl\u00e9mentaires peuvent \u00eatre command\u00e9s pour un travail encore plus rapide !    <\/p>\n","protected":false},"featured_media":15806,"template":"","meta":{"_acf_changed":false},"product_brand":[],"product_cat":[859],"product_tag":[],"class_list":{"0":"post-15835","1":"product","2":"type-product","3":"status-publish","4":"has-post-thumbnail","6":"product_cat-machines-a-polir","8":"first","9":"instock","10":"taxable","11":"shipping-taxable","12":"purchasable","13":"product-type-variable","14":"has-default-attributes"},"acf":[],"_links":{"self":[{"href":"https:\/\/mdbouwmachines.be\/fr\/wp-json\/wp\/v2\/product\/15835","targetHints":{"allow":["GET"]}}],"collection":[{"href":"https:\/\/mdbouwmachines.be\/fr\/wp-json\/wp\/v2\/product"}],"about":[{"href":"https:\/\/mdbouwmachines.be\/fr\/wp-json\/wp\/v2\/types\/product"}],"wp:featuredmedia":[{"embeddable":true,"href":"https:\/\/mdbouwmachines.be\/fr\/wp-json\/wp\/v2\/media\/15806"}],"wp:attachment":[{"href":"https:\/\/mdbouwmachines.be\/fr\/wp-json\/wp\/v2\/media?parent=15835"}],"wp:term":[{"taxonomy":"product_brand","embeddable":true,"href":"https:\/\/mdbouwmachines.be\/fr\/wp-json\/wp\/v2\/product_brand?post=15835"},{"taxonomy":"product_cat","embeddable":true,"href":"https:\/\/mdbouwmachines.be\/fr\/wp-json\/wp\/v2\/product_cat?post=15835"},{"taxonomy":"product_tag","embeddable":true,"href":"https:\/\/mdbouwmachines.be\/fr\/wp-json\/wp\/v2\/product_tag?post=15835"}],"curies":[{"name":"wp","href":"https:\/\/api.w.org\/{rel}","templated":true}]}}