{"id":15592,"date":"2025-01-24T09:53:14","date_gmt":"2025-01-24T09:53:14","guid":{"rendered":"https:\/\/mdbouwmachines.be\/product\/flotteur-2m-bm71h-4-temps-honda\/"},"modified":"2025-06-23T12:29:07","modified_gmt":"2025-06-23T11:29:07","slug":"flotteur-2m-bm71h-4-temps-honda","status":"publish","type":"product","link":"https:\/\/mdbouwmachines.be\/fr\/produit\/flotteur-2m-bm71h-4-temps-honda\/","title":{"rendered":"Flotteur 2m BM71H 4 temps Honda"},"content":{"rendered":"","protected":false},"excerpt":{"rendered":"<p>Machine de finition de sols pour le compactage et le lissage de petites et grandes surfaces. Le BM-71 peut \u00eatre command\u00e9 de 0,9 m \u00e0 3 m\u00e8tres et est \u00e9quip\u00e9 d\u2019un moteur Honda 4 temps de 25 cm\u00b3. <\/p>\n","protected":false},"featured_media":18699,"template":"","meta":{"_acf_changed":false},"product_brand":[1145],"product_cat":[809],"product_tag":[],"class_list":{"0":"post-15592","1":"product","2":"type-product","3":"status-publish","4":"has-post-thumbnail","6":"product_brand-bmac-fr","7":"product_cat-poutres-vibrantes","8":"product_shipping_class-supplementaire","10":"first","11":"instock","12":"taxable","13":"shipping-taxable","14":"purchasable","15":"product-type-variable","16":"has-default-attributes"},"acf":[],"_links":{"self":[{"href":"https:\/\/mdbouwmachines.be\/fr\/wp-json\/wp\/v2\/product\/15592","targetHints":{"allow":["GET"]}}],"collection":[{"href":"https:\/\/mdbouwmachines.be\/fr\/wp-json\/wp\/v2\/product"}],"about":[{"href":"https:\/\/mdbouwmachines.be\/fr\/wp-json\/wp\/v2\/types\/product"}],"wp:featuredmedia":[{"embeddable":true,"href":"https:\/\/mdbouwmachines.be\/fr\/wp-json\/wp\/v2\/media\/18699"}],"wp:attachment":[{"href":"https:\/\/mdbouwmachines.be\/fr\/wp-json\/wp\/v2\/media?parent=15592"}],"wp:term":[{"taxonomy":"product_brand","embeddable":true,"href":"https:\/\/mdbouwmachines.be\/fr\/wp-json\/wp\/v2\/product_brand?post=15592"},{"taxonomy":"product_cat","embeddable":true,"href":"https:\/\/mdbouwmachines.be\/fr\/wp-json\/wp\/v2\/product_cat?post=15592"},{"taxonomy":"product_tag","embeddable":true,"href":"https:\/\/mdbouwmachines.be\/fr\/wp-json\/wp\/v2\/product_tag?post=15592"}],"curies":[{"name":"wp","href":"https:\/\/api.w.org\/{rel}","templated":true}]}}