{"id":15568,"date":"2025-01-24T09:53:13","date_gmt":"2025-01-24T08:53:13","guid":{"rendered":"https:\/\/mdbouwmachines.be\/product\/acs-forte-5-l\/"},"modified":"2025-06-23T12:29:06","modified_gmt":"2025-06-23T11:29:06","slug":"acs-forte-5-l","status":"publish","type":"product","link":"https:\/\/mdbouwmachines.be\/fr\/produit\/acs-forte-5-l\/","title":{"rendered":"ACS Forte 5 l"},"content":{"rendered":"","protected":false},"excerpt":{"rendered":"<p>Produit pour remplir les pores apr\u00e8s avoir termin\u00e9 votre sol en b\u00e9ton. De cette fa\u00e7on, vous \u00e9vitez que l\u2019eau ne p\u00e9n\u00e8tre dans le b\u00e9ton et ne provoque plus tard des fissures dues au gel. Avec quelques couches, vous pouvez obtenir une certaine brillance.  <\/p>\n","protected":false},"featured_media":9563,"template":"","meta":{"_acf_changed":false},"product_brand":[1133],"product_cat":[529],"product_tag":[],"class_list":{"0":"post-15568","1":"product","2":"type-product","3":"status-publish","4":"has-post-thumbnail","6":"product_brand-md-bouwmachines-fr","7":"product_cat-consommables","9":"first","10":"instock","11":"taxable","12":"shipping-taxable","13":"purchasable","14":"product-type-simple"},"acf":[],"_links":{"self":[{"href":"https:\/\/mdbouwmachines.be\/fr\/wp-json\/wp\/v2\/product\/15568","targetHints":{"allow":["GET"]}}],"collection":[{"href":"https:\/\/mdbouwmachines.be\/fr\/wp-json\/wp\/v2\/product"}],"about":[{"href":"https:\/\/mdbouwmachines.be\/fr\/wp-json\/wp\/v2\/types\/product"}],"wp:featuredmedia":[{"embeddable":true,"href":"https:\/\/mdbouwmachines.be\/fr\/wp-json\/wp\/v2\/media\/9563"}],"wp:attachment":[{"href":"https:\/\/mdbouwmachines.be\/fr\/wp-json\/wp\/v2\/media?parent=15568"}],"wp:term":[{"taxonomy":"product_brand","embeddable":true,"href":"https:\/\/mdbouwmachines.be\/fr\/wp-json\/wp\/v2\/product_brand?post=15568"},{"taxonomy":"product_cat","embeddable":true,"href":"https:\/\/mdbouwmachines.be\/fr\/wp-json\/wp\/v2\/product_cat?post=15568"},{"taxonomy":"product_tag","embeddable":true,"href":"https:\/\/mdbouwmachines.be\/fr\/wp-json\/wp\/v2\/product_tag?post=15568"}],"curies":[{"name":"wp","href":"https:\/\/api.w.org\/{rel}","templated":true}]}}