{"id":15461,"date":"2025-01-24T09:55:08","date_gmt":"2025-01-24T09:55:08","guid":{"rendered":"https:\/\/mdbouwmachines.be\/product\/barre-de-dobotage\/"},"modified":"2025-01-24T09:55:08","modified_gmt":"2025-01-24T08:55:08","slug":"barre-de-dobotage","status":"publish","type":"product","link":"https:\/\/mdbouwmachines.be\/fr\/produit\/barre-de-dobotage\/","title":{"rendered":"Barre de dobotage"},"content":{"rendered":"","protected":false},"excerpt":{"rendered":"<p>#8720 Black Dapple Barre Longueur de la barre d\u2019aluminium en bas 1,2 m, diam\u00e8tre de la barre inf\u00e9rieure 50,0 mm, longueur de la poign\u00e9e en acier 1000 mm, distance entre les poign\u00e9es 540 mm<\/p>\n<p>#8721 Black Dapple barre inf\u00e9rieure en aluminium longueur 2.0m, diam\u00e8tre inf\u00e9rieur de la barre 50.0mm, longueur de la poign\u00e9e en acier 1000mm, distance entre les poign\u00e9es 540mm<\/p>\n<p>#8722 Black Dapple Barre Longueur barre inf\u00e9rieure 3.0 m, diam\u00e8tre barre inf\u00e9rieure 50.0 mm, longueur poign\u00e9e en acier 1000 mm, distance entre les poign\u00e9es 540mm<\/p>\n","protected":false},"featured_media":9395,"template":"","meta":{"_acf_changed":false},"product_brand":[1133],"product_cat":[495],"product_tag":[],"class_list":{"0":"post-15461","1":"product","2":"type-product","3":"status-publish","4":"has-post-thumbnail","6":"product_brand-md-bouwmachines-fr","7":"product_cat-outils-et-outils-a-main","9":"first","10":"instock","11":"taxable","12":"shipping-taxable","13":"purchasable","14":"product-type-variable","15":"has-default-attributes"},"acf":[],"_links":{"self":[{"href":"https:\/\/mdbouwmachines.be\/fr\/wp-json\/wp\/v2\/product\/15461","targetHints":{"allow":["GET"]}}],"collection":[{"href":"https:\/\/mdbouwmachines.be\/fr\/wp-json\/wp\/v2\/product"}],"about":[{"href":"https:\/\/mdbouwmachines.be\/fr\/wp-json\/wp\/v2\/types\/product"}],"wp:featuredmedia":[{"embeddable":true,"href":"https:\/\/mdbouwmachines.be\/fr\/wp-json\/wp\/v2\/media\/9395"}],"wp:attachment":[{"href":"https:\/\/mdbouwmachines.be\/fr\/wp-json\/wp\/v2\/media?parent=15461"}],"wp:term":[{"taxonomy":"product_brand","embeddable":true,"href":"https:\/\/mdbouwmachines.be\/fr\/wp-json\/wp\/v2\/product_brand?post=15461"},{"taxonomy":"product_cat","embeddable":true,"href":"https:\/\/mdbouwmachines.be\/fr\/wp-json\/wp\/v2\/product_cat?post=15461"},{"taxonomy":"product_tag","embeddable":true,"href":"https:\/\/mdbouwmachines.be\/fr\/wp-json\/wp\/v2\/product_tag?post=15461"}],"curies":[{"name":"wp","href":"https:\/\/api.w.org\/{rel}","templated":true}]}}