{"id":15426,"date":"2025-01-24T09:55:02","date_gmt":"2025-01-24T08:55:02","guid":{"rendered":"https:\/\/mdbouwmachines.be\/product\/meuleuse\/"},"modified":"2025-01-24T09:55:02","modified_gmt":"2025-01-24T08:55:02","slug":"meuleuse","status":"publish","type":"product","link":"https:\/\/mdbouwmachines.be\/fr\/produit\/meuleuse\/","title":{"rendered":"Meuleuse"},"content":{"rendered":"","protected":false},"excerpt":{"rendered":"<p><span>#8301 D\u00e9ligneuse \u00e0 main en b\u00e9ton d\u2019acier bleu : 152mmX76mmX Angle R 3.18mm x 10mm (longueur du bord)<\/span><\/p>\n","protected":false},"featured_media":9383,"template":"","meta":{"_acf_changed":false},"product_brand":[1133],"product_cat":[495],"product_tag":[],"class_list":{"0":"post-15426","1":"product","2":"type-product","3":"status-publish","4":"has-post-thumbnail","6":"product_brand-md-bouwmachines-fr","7":"product_cat-outils-et-outils-a-main","9":"first","10":"outofstock","11":"taxable","12":"shipping-taxable","13":"product-type-simple"},"acf":[],"_links":{"self":[{"href":"https:\/\/mdbouwmachines.be\/fr\/wp-json\/wp\/v2\/product\/15426","targetHints":{"allow":["GET"]}}],"collection":[{"href":"https:\/\/mdbouwmachines.be\/fr\/wp-json\/wp\/v2\/product"}],"about":[{"href":"https:\/\/mdbouwmachines.be\/fr\/wp-json\/wp\/v2\/types\/product"}],"wp:featuredmedia":[{"embeddable":true,"href":"https:\/\/mdbouwmachines.be\/fr\/wp-json\/wp\/v2\/media\/9383"}],"wp:attachment":[{"href":"https:\/\/mdbouwmachines.be\/fr\/wp-json\/wp\/v2\/media?parent=15426"}],"wp:term":[{"taxonomy":"product_brand","embeddable":true,"href":"https:\/\/mdbouwmachines.be\/fr\/wp-json\/wp\/v2\/product_brand?post=15426"},{"taxonomy":"product_cat","embeddable":true,"href":"https:\/\/mdbouwmachines.be\/fr\/wp-json\/wp\/v2\/product_cat?post=15426"},{"taxonomy":"product_tag","embeddable":true,"href":"https:\/\/mdbouwmachines.be\/fr\/wp-json\/wp\/v2\/product_tag?post=15426"}],"curies":[{"name":"wp","href":"https:\/\/api.w.org\/{rel}","templated":true}]}}