{"id":15407,"date":"2025-01-24T10:54:58","date_gmt":"2025-01-24T09:54:58","guid":{"rendered":"https:\/\/mdbouwmachines.be\/product\/lames-adhesives-en-magnesium-bords-droits\/"},"modified":"2025-03-18T15:51:00","modified_gmt":"2025-03-18T14:51:00","slug":"lames-adhesives-en-magnesium-bords-droits","status":"publish","type":"product","link":"https:\/\/mdbouwmachines.be\/fr\/produit\/lames-adhesives-en-magnesium-bords-droits\/","title":{"rendered":"Lames adh\u00e9sives en magn\u00e9sium bords droits"},"content":{"rendered":"","protected":false},"excerpt":{"rendered":"<p>#8502 Lame adh\u00e9sive en magn\u00e9sium avec extr\u00e9mit\u00e9 carr\u00e9e : 305 mm x 79,40 mm<\/p>\n<p>#8504 Couteau \u00e0 tranches de magn\u00e9sium avec extr\u00e9mit\u00e9 carr\u00e9e : 457 mm x 79,40 mm<\/p>\n<p>#8517 Lame adh\u00e9sive en magn\u00e9sium avec extr\u00e9mit\u00e9 carr\u00e9e : 610 mm x 79,40 mm<\/p>\n","protected":false},"featured_media":9427,"template":"","meta":{"_acf_changed":false},"product_brand":[1133],"product_cat":[495],"product_tag":[],"class_list":{"0":"post-15407","1":"product","2":"type-product","3":"status-publish","4":"has-post-thumbnail","6":"product_brand-md-bouwmachines-fr","7":"product_cat-outils-et-outils-a-main","9":"first","10":"instock","11":"taxable","12":"shipping-taxable","13":"purchasable","14":"product-type-variable","15":"has-default-attributes"},"acf":[],"_links":{"self":[{"href":"https:\/\/mdbouwmachines.be\/fr\/wp-json\/wp\/v2\/product\/15407","targetHints":{"allow":["GET"]}}],"collection":[{"href":"https:\/\/mdbouwmachines.be\/fr\/wp-json\/wp\/v2\/product"}],"about":[{"href":"https:\/\/mdbouwmachines.be\/fr\/wp-json\/wp\/v2\/types\/product"}],"wp:featuredmedia":[{"embeddable":true,"href":"https:\/\/mdbouwmachines.be\/fr\/wp-json\/wp\/v2\/media\/9427"}],"wp:attachment":[{"href":"https:\/\/mdbouwmachines.be\/fr\/wp-json\/wp\/v2\/media?parent=15407"}],"wp:term":[{"taxonomy":"product_brand","embeddable":true,"href":"https:\/\/mdbouwmachines.be\/fr\/wp-json\/wp\/v2\/product_brand?post=15407"},{"taxonomy":"product_cat","embeddable":true,"href":"https:\/\/mdbouwmachines.be\/fr\/wp-json\/wp\/v2\/product_cat?post=15407"},{"taxonomy":"product_tag","embeddable":true,"href":"https:\/\/mdbouwmachines.be\/fr\/wp-json\/wp\/v2\/product_tag?post=15407"}],"curies":[{"name":"wp","href":"https:\/\/api.w.org\/{rel}","templated":true}]}}