{"id":15378,"date":"2025-01-24T09:54:57","date_gmt":"2025-01-24T09:54:57","guid":{"rendered":"https:\/\/mdbouwmachines.be\/product\/ruban-a-joint\/"},"modified":"2025-01-24T09:54:57","modified_gmt":"2025-01-24T08:54:57","slug":"ruban-a-joint","status":"publish","type":"product","link":"https:\/\/mdbouwmachines.be\/fr\/produit\/ruban-a-joint\/","title":{"rendered":"Ruban \u00e0 joint"},"content":{"rendered":"","protected":false},"excerpt":{"rendered":"<p><span>Courroies d\u2019articulation pour remplir avec style les coupes de scie d\u2019un sol en b\u00e9ton et pour qu\u2019aucune salet\u00e9 ne s\u2019accumule. Prot\u00e8ge contre l\u2019huile et d\u2019autres produits chimiques, mat\u00e9riau hautement \u00e9lastique qui assure une \u00e9tanch\u00e9it\u00e9 parfaite. Toutes sortes de couleurs en rouleaux de 250 m\u00e8tres. Tailles de 3,4 mm \u00e0 5 mm (4,2 mm standard). D\u2019autres tailles\/couleurs peuvent \u00eatre command\u00e9es \u00e0 l\u2019avance.    <\/span><\/p>\n","protected":false},"featured_media":9363,"template":"","meta":{"_acf_changed":false},"product_brand":[1133],"product_cat":[529],"product_tag":[],"class_list":{"0":"post-15378","1":"product","2":"type-product","3":"status-publish","4":"has-post-thumbnail","6":"product_brand-md-bouwmachines-fr","7":"product_cat-consommables","9":"first","10":"instock","11":"taxable","12":"shipping-taxable","13":"purchasable","14":"product-type-variable","15":"has-default-attributes"},"acf":[],"_links":{"self":[{"href":"https:\/\/mdbouwmachines.be\/fr\/wp-json\/wp\/v2\/product\/15378","targetHints":{"allow":["GET"]}}],"collection":[{"href":"https:\/\/mdbouwmachines.be\/fr\/wp-json\/wp\/v2\/product"}],"about":[{"href":"https:\/\/mdbouwmachines.be\/fr\/wp-json\/wp\/v2\/types\/product"}],"wp:featuredmedia":[{"embeddable":true,"href":"https:\/\/mdbouwmachines.be\/fr\/wp-json\/wp\/v2\/media\/9363"}],"wp:attachment":[{"href":"https:\/\/mdbouwmachines.be\/fr\/wp-json\/wp\/v2\/media?parent=15378"}],"wp:term":[{"taxonomy":"product_brand","embeddable":true,"href":"https:\/\/mdbouwmachines.be\/fr\/wp-json\/wp\/v2\/product_brand?post=15378"},{"taxonomy":"product_cat","embeddable":true,"href":"https:\/\/mdbouwmachines.be\/fr\/wp-json\/wp\/v2\/product_cat?post=15378"},{"taxonomy":"product_tag","embeddable":true,"href":"https:\/\/mdbouwmachines.be\/fr\/wp-json\/wp\/v2\/product_tag?post=15378"}],"curies":[{"name":"wp","href":"https:\/\/api.w.org\/{rel}","templated":true}]}}