{"id":15361,"date":"2025-01-24T09:54:55","date_gmt":"2025-01-24T08:54:55","guid":{"rendered":"https:\/\/mdbouwmachines.be\/product\/epandeur-gamo\/"},"modified":"2025-06-23T12:34:45","modified_gmt":"2025-06-23T11:34:45","slug":"epandeur-gamo","status":"publish","type":"product","link":"https:\/\/mdbouwmachines.be\/fr\/produit\/epandeur-gamo\/","title":{"rendered":"\u00c9pandeur GAMO"},"content":{"rendered":"","protected":false},"excerpt":{"rendered":"<p>\u00c9pandeur 1m30 de la marque GAMO avec roues plus \u00e9paisses adapt\u00e9es pour une meilleure r\u00e9partition du poids + une dur\u00e9e de vie plus longue<\/p>\n","protected":false},"featured_media":9431,"template":"","meta":{"_acf_changed":false},"product_brand":[1237],"product_cat":[423],"product_tag":[],"class_list":{"0":"post-15361","1":"product","2":"type-product","3":"status-publish","4":"has-post-thumbnail","6":"product_brand-gamo-fr","7":"product_cat-epandeur","9":"first","10":"instock","11":"taxable","12":"shipping-taxable","13":"purchasable","14":"product-type-simple"},"acf":[],"_links":{"self":[{"href":"https:\/\/mdbouwmachines.be\/fr\/wp-json\/wp\/v2\/product\/15361","targetHints":{"allow":["GET"]}}],"collection":[{"href":"https:\/\/mdbouwmachines.be\/fr\/wp-json\/wp\/v2\/product"}],"about":[{"href":"https:\/\/mdbouwmachines.be\/fr\/wp-json\/wp\/v2\/types\/product"}],"wp:featuredmedia":[{"embeddable":true,"href":"https:\/\/mdbouwmachines.be\/fr\/wp-json\/wp\/v2\/media\/9431"}],"wp:attachment":[{"href":"https:\/\/mdbouwmachines.be\/fr\/wp-json\/wp\/v2\/media?parent=15361"}],"wp:term":[{"taxonomy":"product_brand","embeddable":true,"href":"https:\/\/mdbouwmachines.be\/fr\/wp-json\/wp\/v2\/product_brand?post=15361"},{"taxonomy":"product_cat","embeddable":true,"href":"https:\/\/mdbouwmachines.be\/fr\/wp-json\/wp\/v2\/product_cat?post=15361"},{"taxonomy":"product_tag","embeddable":true,"href":"https:\/\/mdbouwmachines.be\/fr\/wp-json\/wp\/v2\/product_tag?post=15361"}],"curies":[{"name":"wp","href":"https:\/\/api.w.org\/{rel}","templated":true}]}}