{"id":15350,"date":"2025-01-24T09:54:54","date_gmt":"2025-01-24T09:54:54","guid":{"rendered":"https:\/\/mdbouwmachines.be\/product\/tampon-a-rouleau\/"},"modified":"2025-01-24T09:54:54","modified_gmt":"2025-01-24T08:54:54","slug":"tampon-a-rouleau","status":"publish","type":"product","link":"https:\/\/mdbouwmachines.be\/fr\/produit\/tampon-a-rouleau\/","title":{"rendered":"Tampon \u00e0 rouleau"},"content":{"rendered":"","protected":false},"excerpt":{"rendered":"<p>Outil indispensable pour le b\u00e9ton imprim\u00e9, mais aussi tr\u00e8s appropri\u00e9 pour la cr\u00e9ation d\u2019une couche antid\u00e9rapante grossi\u00e8re. Le tampon \u00e0 rouleaux est disponible dans les tailles 900 mm et 1200 mm de largeur. 1200 mm est la taille standard et la plus couramment utilis\u00e9e.  <\/p>\n","protected":false},"featured_media":9335,"template":"","meta":{"_acf_changed":false},"product_brand":[1133],"product_cat":[495],"product_tag":[],"class_list":{"0":"post-15350","1":"product","2":"type-product","3":"status-publish","4":"has-post-thumbnail","6":"product_brand-md-bouwmachines-fr","7":"product_cat-outils-et-outils-a-main","9":"first","10":"instock","11":"taxable","12":"shipping-taxable","13":"purchasable","14":"product-type-variable","15":"has-default-attributes"},"acf":[],"_links":{"self":[{"href":"https:\/\/mdbouwmachines.be\/fr\/wp-json\/wp\/v2\/product\/15350","targetHints":{"allow":["GET"]}}],"collection":[{"href":"https:\/\/mdbouwmachines.be\/fr\/wp-json\/wp\/v2\/product"}],"about":[{"href":"https:\/\/mdbouwmachines.be\/fr\/wp-json\/wp\/v2\/types\/product"}],"wp:featuredmedia":[{"embeddable":true,"href":"https:\/\/mdbouwmachines.be\/fr\/wp-json\/wp\/v2\/media\/9335"}],"wp:attachment":[{"href":"https:\/\/mdbouwmachines.be\/fr\/wp-json\/wp\/v2\/media?parent=15350"}],"wp:term":[{"taxonomy":"product_brand","embeddable":true,"href":"https:\/\/mdbouwmachines.be\/fr\/wp-json\/wp\/v2\/product_brand?post=15350"},{"taxonomy":"product_cat","embeddable":true,"href":"https:\/\/mdbouwmachines.be\/fr\/wp-json\/wp\/v2\/product_cat?post=15350"},{"taxonomy":"product_tag","embeddable":true,"href":"https:\/\/mdbouwmachines.be\/fr\/wp-json\/wp\/v2\/product_tag?post=15350"}],"curies":[{"name":"wp","href":"https:\/\/api.w.org\/{rel}","templated":true}]}}