{"id":15333,"date":"2025-01-24T09:54:53","date_gmt":"2025-01-24T08:54:53","guid":{"rendered":"https:\/\/mdbouwmachines.be\/product\/treillis-se12\/"},"modified":"2025-01-24T09:54:53","modified_gmt":"2025-01-24T08:54:53","slug":"treillis-se12","status":"publish","type":"product","link":"https:\/\/mdbouwmachines.be\/fr\/produit\/treillis-se12\/","title":{"rendered":"Treillis SE12"},"content":{"rendered":"","protected":false},"excerpt":{"rendered":"<p>Cette chape en treillis Allen\u00ae Razorback\u00ae motoris\u00e9e a \u00e9t\u00e9 utilis\u00e9e sur d\u2019innombrables projets dans le monde entier depuis plus de quatre d\u00e9cennies. Avec son moteur \u00e0 essence, ses vibrations de conduite et son option de treuil hydraulique, ce finisseur autonome est la norme de l\u2019industrie pour tous les finisseurs \u00e0 cadre d\u2019acier. Disponible avec des accessoires pour les routes, les ponts et autres travaux.  <\/p>\n<\/p>\n<p><img decoding=\"async\" src=\"https:\/\/uploads-ssl.webflow.com\/5fa858652f9d2127f53af166\/606ebcb3dc69b82247a557de_Truscreed%203.PNG\" tt-mode=\"file\" tt-link-url=\"\" tt-link-target=\"\" tt-link-mode=\"url\"><\/p>\n","protected":false},"featured_media":9327,"template":"","meta":{"_acf_changed":false},"product_brand":[1233],"product_cat":[809],"product_tag":[],"class_list":{"0":"post-15333","1":"product","2":"type-product","3":"status-publish","4":"has-post-thumbnail","6":"product_brand-allen-fr","7":"product_cat-poutres-vibrantes","9":"first","10":"instock","11":"taxable","12":"shipping-taxable","13":"purchasable","14":"product-type-simple"},"acf":[],"_links":{"self":[{"href":"https:\/\/mdbouwmachines.be\/fr\/wp-json\/wp\/v2\/product\/15333","targetHints":{"allow":["GET"]}}],"collection":[{"href":"https:\/\/mdbouwmachines.be\/fr\/wp-json\/wp\/v2\/product"}],"about":[{"href":"https:\/\/mdbouwmachines.be\/fr\/wp-json\/wp\/v2\/types\/product"}],"wp:featuredmedia":[{"embeddable":true,"href":"https:\/\/mdbouwmachines.be\/fr\/wp-json\/wp\/v2\/media\/9327"}],"wp:attachment":[{"href":"https:\/\/mdbouwmachines.be\/fr\/wp-json\/wp\/v2\/media?parent=15333"}],"wp:term":[{"taxonomy":"product_brand","embeddable":true,"href":"https:\/\/mdbouwmachines.be\/fr\/wp-json\/wp\/v2\/product_brand?post=15333"},{"taxonomy":"product_cat","embeddable":true,"href":"https:\/\/mdbouwmachines.be\/fr\/wp-json\/wp\/v2\/product_cat?post=15333"},{"taxonomy":"product_tag","embeddable":true,"href":"https:\/\/mdbouwmachines.be\/fr\/wp-json\/wp\/v2\/product_tag?post=15333"}],"curies":[{"name":"wp","href":"https:\/\/api.w.org\/{rel}","templated":true}]}}