{"id":15332,"date":"2025-01-24T09:54:54","date_gmt":"2025-01-24T08:54:54","guid":{"rendered":"https:\/\/mdbouwmachines.be\/product\/zen16-cgh\/"},"modified":"2025-06-23T12:28:52","modified_gmt":"2025-06-23T11:28:52","slug":"zen16-cgh","status":"publish","type":"product","link":"https:\/\/mdbouwmachines.be\/fr\/produit\/zen16-cgh\/","title":{"rendered":"ZEN16 CGH"},"content":{"rendered":"","protected":false},"excerpt":{"rendered":"<ul>\n<li>\n<p>Compacteur \u00e0 plaque avant.<\/p>\n<\/li>\n<li>\n<p>Plaque de base en fonte.<\/p>\n<\/li>\n<li>\n<p>P\u00e9dale d\u2019acc\u00e9l\u00e9rateur sur la poign\u00e9e.<\/p>\n<\/li>\n<li>\n<p>Ensemble de roues pliantes inclus.<\/p>\n<\/li>\n<li>\n<p>S\u00e9ries avec des largeurs de t\u00f4le de 400 et 500 mm.<\/p>\n<\/li>\n<li>\n<p>\u00c9l\u00e9ments structurels robustes et fiables pour prot\u00e9ger le moteur.<\/p>\n<\/li>\n<li>\n<p>Con\u00e7u pour le compactage du remblai, la pr\u00e9paration des bases, le coffrage et le compactage autour de l\u2019eau, du t\u00e9l\u00e9phone&#8230;<\/p>\n<\/li>\n<li>\n<p>Moteur 4 temps \u00e0 essence ou diesel.<\/p>\n<\/li>\n<li>\n<p>Fr\u00e9quence : 5 600 Alt\/min.<\/p>\n<\/li>\n<li>\n<p>Force d\u2019impact de 1 600 \u00e0 2 000 kg.<\/p>\n<\/li>\n<li>\n<p>Kit de roues pliantes inclus<\/p>\n<\/li>\n<li>\n<p>Options:<\/p>\n<\/li>\n<li>\n<p>Protection Vulkollan pour pav\u00e9s<\/p>\n<\/li>\n<li>\n<p>R\u00e9servoir d\u2019eau, 9 l. pour l\u2019asphaltage<\/p>\n<\/li>\n<li>\n<p>Moteur&nbsp;: Honda GX160 CE<\/p>\n<\/li>\n<li>\n<p>Force de centrifugation : 16 kN<\/p>\n<\/li>\n<li>\n<p>Largeur : 400 mm<\/p>\n<\/li>\n<li>\n<p>Poids : 90 kg<\/p>\n<\/li>\n<\/ul>\n","protected":false},"featured_media":9347,"template":"","meta":{"_acf_changed":false},"product_brand":[1142],"product_cat":[817],"product_tag":[],"class_list":{"0":"post-15332","1":"product","2":"type-product","3":"status-publish","4":"has-post-thumbnail","6":"product_brand-enar-fr","7":"product_cat-plaques-vibrantes","9":"first","10":"instock","11":"taxable","12":"shipping-taxable","13":"purchasable","14":"product-type-simple"},"acf":[],"_links":{"self":[{"href":"https:\/\/mdbouwmachines.be\/fr\/wp-json\/wp\/v2\/product\/15332","targetHints":{"allow":["GET"]}}],"collection":[{"href":"https:\/\/mdbouwmachines.be\/fr\/wp-json\/wp\/v2\/product"}],"about":[{"href":"https:\/\/mdbouwmachines.be\/fr\/wp-json\/wp\/v2\/types\/product"}],"wp:featuredmedia":[{"embeddable":true,"href":"https:\/\/mdbouwmachines.be\/fr\/wp-json\/wp\/v2\/media\/9347"}],"wp:attachment":[{"href":"https:\/\/mdbouwmachines.be\/fr\/wp-json\/wp\/v2\/media?parent=15332"}],"wp:term":[{"taxonomy":"product_brand","embeddable":true,"href":"https:\/\/mdbouwmachines.be\/fr\/wp-json\/wp\/v2\/product_brand?post=15332"},{"taxonomy":"product_cat","embeddable":true,"href":"https:\/\/mdbouwmachines.be\/fr\/wp-json\/wp\/v2\/product_cat?post=15332"},{"taxonomy":"product_tag","embeddable":true,"href":"https:\/\/mdbouwmachines.be\/fr\/wp-json\/wp\/v2\/product_tag?post=15332"}],"curies":[{"name":"wp","href":"https:\/\/api.w.org\/{rel}","templated":true}]}}