{"id":15326,"date":"2025-01-24T09:54:51","date_gmt":"2025-01-24T08:54:51","guid":{"rendered":"https:\/\/mdbouwmachines.be\/product\/aspen-4-temps\/"},"modified":"2025-01-24T09:54:51","modified_gmt":"2025-01-24T08:54:51","slug":"aspen-4-temps","status":"publish","type":"product","link":"https:\/\/mdbouwmachines.be\/fr\/produit\/aspen-4-temps\/","title":{"rendered":"Aspen 4 temps"},"content":{"rendered":"","protected":false},"excerpt":{"rendered":"<p><span>Aspen 4 est une essence alkylate pour les tondeuses \u00e0 gazon, les g\u00e9n\u00e9rateurs, les bateaux et autres moteurs \u00e0 quatre temps. La combustion plus propre d\u2019Aspen 4 rend les gaz d\u2019\u00e9chappement moins dangereux pour votre sant\u00e9. De plus, le moteur reste plus propre, ce qui garantit de meilleures performances et une dur\u00e9e de vie plus longue \u00e0 votre machine. Aspen 4 peut \u00eatre stock\u00e9 pendant des ann\u00e9es et conserve sa qualit\u00e9 !   <\/span><\/p>\n","protected":false},"featured_media":9323,"template":"","meta":{"_acf_changed":false},"product_brand":[1229],"product_cat":[529],"product_tag":[],"class_list":{"0":"post-15326","1":"product","2":"type-product","3":"status-publish","4":"has-post-thumbnail","6":"product_brand-aspen-fr","7":"product_cat-consommables","9":"first","10":"instock","11":"taxable","12":"shipping-taxable","13":"purchasable","14":"product-type-simple"},"acf":[],"_links":{"self":[{"href":"https:\/\/mdbouwmachines.be\/fr\/wp-json\/wp\/v2\/product\/15326","targetHints":{"allow":["GET"]}}],"collection":[{"href":"https:\/\/mdbouwmachines.be\/fr\/wp-json\/wp\/v2\/product"}],"about":[{"href":"https:\/\/mdbouwmachines.be\/fr\/wp-json\/wp\/v2\/types\/product"}],"wp:featuredmedia":[{"embeddable":true,"href":"https:\/\/mdbouwmachines.be\/fr\/wp-json\/wp\/v2\/media\/9323"}],"wp:attachment":[{"href":"https:\/\/mdbouwmachines.be\/fr\/wp-json\/wp\/v2\/media?parent=15326"}],"wp:term":[{"taxonomy":"product_brand","embeddable":true,"href":"https:\/\/mdbouwmachines.be\/fr\/wp-json\/wp\/v2\/product_brand?post=15326"},{"taxonomy":"product_cat","embeddable":true,"href":"https:\/\/mdbouwmachines.be\/fr\/wp-json\/wp\/v2\/product_cat?post=15326"},{"taxonomy":"product_tag","embeddable":true,"href":"https:\/\/mdbouwmachines.be\/fr\/wp-json\/wp\/v2\/product_tag?post=15326"}],"curies":[{"name":"wp","href":"https:\/\/api.w.org\/{rel}","templated":true}]}}