{"id":15302,"date":"2025-01-24T09:54:44","date_gmt":"2025-01-24T08:54:44","guid":{"rendered":"https:\/\/mdbouwmachines.be\/product\/vib-bar-e-batt\/"},"modified":"2025-01-24T09:54:44","modified_gmt":"2025-01-24T08:54:44","slug":"vib-bar-e-batt","status":"publish","type":"product","link":"https:\/\/mdbouwmachines.be\/fr\/produit\/vib-bar-e-batt\/","title":{"rendered":"VIB-BAR E-BATT"},"content":{"rendered":"","protected":false},"excerpt":{"rendered":"<ul>\n<li>\n<p>Moteur \u00e9lectrique \u00e0 batterie pour vibrateur \u00e0 b\u00e9ton portable.<\/p>\n<\/li>\n<li>\n<p>Pas d\u2019\u00e9missions gr\u00e2ce \u00e0 la puissante batterie de 4 Ah.<\/p>\n<\/li>\n<li>\n<p>Poids : 5 kg<\/p>\n<\/li>\n<li>\n<p>Tension : 58V<\/p>\n<\/li>\n<li>\n<p>Diam\u00e8tre de la t\u00eate vibrante : 38 mm<\/p>\n<\/li>\n<\/ul>\n<p>incl 2\u00e8me batterie + chargeur<\/p>\n","protected":false},"featured_media":9307,"template":"","meta":{"_acf_changed":false},"product_brand":[1142],"product_cat":[813],"product_tag":[],"class_list":{"0":"post-15302","1":"product","2":"type-product","3":"status-publish","4":"has-post-thumbnail","6":"product_brand-enar-fr","7":"product_cat-aiguilles-vibrantes-inverseurs","9":"first","10":"instock","11":"taxable","12":"shipping-taxable","13":"purchasable","14":"product-type-simple"},"acf":[],"_links":{"self":[{"href":"https:\/\/mdbouwmachines.be\/fr\/wp-json\/wp\/v2\/product\/15302","targetHints":{"allow":["GET"]}}],"collection":[{"href":"https:\/\/mdbouwmachines.be\/fr\/wp-json\/wp\/v2\/product"}],"about":[{"href":"https:\/\/mdbouwmachines.be\/fr\/wp-json\/wp\/v2\/types\/product"}],"wp:featuredmedia":[{"embeddable":true,"href":"https:\/\/mdbouwmachines.be\/fr\/wp-json\/wp\/v2\/media\/9307"}],"wp:attachment":[{"href":"https:\/\/mdbouwmachines.be\/fr\/wp-json\/wp\/v2\/media?parent=15302"}],"wp:term":[{"taxonomy":"product_brand","embeddable":true,"href":"https:\/\/mdbouwmachines.be\/fr\/wp-json\/wp\/v2\/product_brand?post=15302"},{"taxonomy":"product_cat","embeddable":true,"href":"https:\/\/mdbouwmachines.be\/fr\/wp-json\/wp\/v2\/product_cat?post=15302"},{"taxonomy":"product_tag","embeddable":true,"href":"https:\/\/mdbouwmachines.be\/fr\/wp-json\/wp\/v2\/product_tag?post=15302"}],"curies":[{"name":"wp","href":"https:\/\/api.w.org\/{rel}","templated":true}]}}