{"id":15272,"date":"2025-01-24T09:54:41","date_gmt":"2025-01-24T08:54:41","guid":{"rendered":"https:\/\/mdbouwmachines.be\/product\/honda-gx200\/"},"modified":"2025-01-24T09:54:41","modified_gmt":"2025-01-24T08:54:41","slug":"honda-gx200","status":"publish","type":"product","link":"https:\/\/mdbouwmachines.be\/fr\/produit\/honda-gx200\/","title":{"rendered":"Honda GX200"},"content":{"rendered":"","protected":false},"excerpt":{"rendered":"<ul>\n<li>\n<p>Marque&nbsp;: Honda<\/p>\n<\/li>\n<li>\n<p>Mod\u00e8le&nbsp;: GX200<\/p>\n<\/li>\n<li>\n<p>Type de moteur&nbsp;: 4 temps OHV refroidi par air<\/p>\n<\/li>\n<li>\n<p>Al\u00e9sage x course : 68 x 54 mm<\/p>\n<\/li>\n<li>\n<p>Cylindr\u00e9e&nbsp;: 196 cm\u00b3<\/p>\n<\/li>\n<li>\n<p>Compression : 8,5:1<\/p>\n<\/li>\n<li>\n<p>Puissance maximale : 4,3 ch (5,8 kW) \/ 3600 tr\/min<\/p>\n<\/li>\n<li>\n<p>Filet. Couple : 12,4 Nm \/ 2500 tr\/min <\/p>\n<\/li>\n<li>\n<p>Allumage : \u00c9lectrique<\/p>\n<\/li>\n<li>\n<p>Syst\u00e8me de d\u00e9marrage : D\u00e9marreur \u00e0 rappel<\/p>\n<\/li>\n<li>\n<p>Capacit\u00e9 du r\u00e9servoir : 3,1 litres<\/p>\n<\/li>\n<li>\n<p>Consommation de carburant \u00e0 puissance nette&nbsp;: 1.7 l\/h \u2013 3600 rpm<\/p>\n<\/li>\n<li>\n<p>Lubrification : pulv\u00e9risation d\u2019huile<\/p>\n<\/li>\n<li>\n<p>Capacit\u00e9 d\u2019huile moteur : 0,6 l<\/p>\n<\/li>\n<li>\n<p>Dimensions (LxlxH) : 321 x 376 x 346 mm<\/p>\n<\/li>\n<li>\n<p>Poids \u00e0 sec : 16,1 kg<\/p>\n<\/li>\n<\/ul>\n","protected":false},"featured_media":9299,"template":"","meta":{"_acf_changed":false},"product_brand":[1198],"product_cat":[805],"product_tag":[],"class_list":{"0":"post-15272","1":"product","2":"type-product","3":"status-publish","4":"has-post-thumbnail","6":"product_brand-honda-fr","7":"product_cat-moteurs","9":"first","10":"instock","11":"taxable","12":"shipping-taxable","13":"purchasable","14":"product-type-simple"},"acf":[],"_links":{"self":[{"href":"https:\/\/mdbouwmachines.be\/fr\/wp-json\/wp\/v2\/product\/15272","targetHints":{"allow":["GET"]}}],"collection":[{"href":"https:\/\/mdbouwmachines.be\/fr\/wp-json\/wp\/v2\/product"}],"about":[{"href":"https:\/\/mdbouwmachines.be\/fr\/wp-json\/wp\/v2\/types\/product"}],"wp:featuredmedia":[{"embeddable":true,"href":"https:\/\/mdbouwmachines.be\/fr\/wp-json\/wp\/v2\/media\/9299"}],"wp:attachment":[{"href":"https:\/\/mdbouwmachines.be\/fr\/wp-json\/wp\/v2\/media?parent=15272"}],"wp:term":[{"taxonomy":"product_brand","embeddable":true,"href":"https:\/\/mdbouwmachines.be\/fr\/wp-json\/wp\/v2\/product_brand?post=15272"},{"taxonomy":"product_cat","embeddable":true,"href":"https:\/\/mdbouwmachines.be\/fr\/wp-json\/wp\/v2\/product_cat?post=15272"},{"taxonomy":"product_tag","embeddable":true,"href":"https:\/\/mdbouwmachines.be\/fr\/wp-json\/wp\/v2\/product_tag?post=15272"}],"curies":[{"name":"wp","href":"https:\/\/api.w.org\/{rel}","templated":true}]}}