{"id":15127,"date":"2025-01-24T09:54:34","date_gmt":"2025-01-24T09:54:34","guid":{"rendered":"https:\/\/mdbouwmachines.be\/product\/faisceau-vibrant-csd\/"},"modified":"2025-06-23T12:28:51","modified_gmt":"2025-06-23T11:28:51","slug":"faisceau-vibrant-csd","status":"publish","type":"product","link":"https:\/\/mdbouwmachines.be\/fr\/produit\/faisceau-vibrant-csd\/","title":{"rendered":"FAISCEAU VIBRANT CSD"},"content":{"rendered":"","protected":false},"excerpt":{"rendered":"<ul>\n<li>\n<p>Puissance&nbsp;: 1.2kW, 1.6 hp<\/p>\n<\/li>\n<li>\n<p>Lame en aluminium tremp\u00e9 sp\u00e9cialement con\u00e7ue qui offre une finition plus lisse que les chapes conventionnelles.<\/p>\n<\/li>\n<li>\n<p>Supports en caoutchouc robustes pour r\u00e9duire le niveau de vibration sur la poign\u00e9e.<\/p>\n<\/li>\n<li>\n<p>Les extr\u00e9mit\u00e9s arrondies de la lame permettent de contourner facilement les obstacles<\/p>\n<\/li>\n<li>\n<p>Le support inclinable maintient le moteur hors du b\u00e9ton ou des obstacles au sol<\/p>\n<\/li>\n<li>\n<p>Le cadre de protection r\u00e9duit les dommages accidentels au moteur<\/p>\n<\/li>\n<li>\n<p>Arbre de transmission rigide et sans entretien<\/p>\n<\/li>\n<li>\n<p>Bo\u00eetier de coul\u00e9e ferm\u00e9 pour prot\u00e9ger contre la salet\u00e9, le b\u00e9ton et les \u00e9claboussures d\u2019eau, raccordement facile au moteur<\/p>\n<\/li>\n<li>\n<p>7 largeurs de travail diff\u00e9rentes&nbsp;: 4ft \/ 1. 2 m, 6 pieds\/1. 8 m, 8 pieds\/2. 4 m, 10 pieds\/3. 0 mois    <\/p>\n<\/li>\n<li>\n<p>Lames facilement interchangeables<\/p>\n<\/li>\n<li>\n<p>Poids : 12,9 kg<\/p>\n<\/li>\n<\/ul>\n","protected":false},"featured_media":9279,"template":"","meta":{"_acf_changed":false},"product_brand":[1133],"product_cat":[809],"product_tag":[],"class_list":{"0":"post-15127","1":"product","2":"type-product","3":"status-publish","4":"has-post-thumbnail","6":"product_brand-md-bouwmachines-fr","7":"product_cat-poutres-vibrantes","9":"first","10":"instock","11":"taxable","12":"shipping-taxable","13":"purchasable","14":"product-type-variable","15":"has-default-attributes"},"acf":[],"_links":{"self":[{"href":"https:\/\/mdbouwmachines.be\/fr\/wp-json\/wp\/v2\/product\/15127","targetHints":{"allow":["GET"]}}],"collection":[{"href":"https:\/\/mdbouwmachines.be\/fr\/wp-json\/wp\/v2\/product"}],"about":[{"href":"https:\/\/mdbouwmachines.be\/fr\/wp-json\/wp\/v2\/types\/product"}],"wp:featuredmedia":[{"embeddable":true,"href":"https:\/\/mdbouwmachines.be\/fr\/wp-json\/wp\/v2\/media\/9279"}],"wp:attachment":[{"href":"https:\/\/mdbouwmachines.be\/fr\/wp-json\/wp\/v2\/media?parent=15127"}],"wp:term":[{"taxonomy":"product_brand","embeddable":true,"href":"https:\/\/mdbouwmachines.be\/fr\/wp-json\/wp\/v2\/product_brand?post=15127"},{"taxonomy":"product_cat","embeddable":true,"href":"https:\/\/mdbouwmachines.be\/fr\/wp-json\/wp\/v2\/product_cat?post=15127"},{"taxonomy":"product_tag","embeddable":true,"href":"https:\/\/mdbouwmachines.be\/fr\/wp-json\/wp\/v2\/product_tag?post=15127"}],"curies":[{"name":"wp","href":"https:\/\/api.w.org\/{rel}","templated":true}]}}