{"id":15101,"date":"2025-01-24T09:54:32","date_gmt":"2025-01-24T08:54:32","guid":{"rendered":"https:\/\/mdbouwmachines.be\/product\/aurora-zeta\/"},"modified":"2025-06-23T13:06:23","modified_gmt":"2025-06-23T12:06:23","slug":"aurora-zeta","status":"publish","type":"product","link":"https:\/\/mdbouwmachines.be\/fr\/produit\/aurora-zeta\/","title":{"rendered":"Aurora ZETA"},"content":{"rendered":"","protected":false},"excerpt":{"rendered":"<ul>\n<li>\n<p>Hauteur maximale de 7 m<\/p>\n<\/li>\n<li>\n<p>Projecteurs LED orientables et inclinables tr\u00e8s r\u00e9sistants avec indice de protection IP67 dans un bo\u00eetier en aluminium moul\u00e9 sous pression<\/p>\n<\/li>\n<li>\n<p>Lampes d\u2019une dur\u00e9e de vie de 85000 h<\/p>\n<\/li>\n<li>\n<p>M\u00e2t en acier galvanis\u00e9 avec profil\u00e9s pour r\u00e9duire les frottements<\/p>\n<\/li>\n<li>\n<p>Levage manuel<\/p>\n<\/li>\n<li>\n<p>Rotation du m\u00e2t \u00e0 359\u00b0 avec verrou de s\u00e9curit\u00e9<\/p>\n<\/li>\n<li>\n<p>R\u00e9sistance au vent jusqu\u2019\u00e0 100 km\/h<\/p>\n<\/li>\n<li>\n<p>Points de levage<\/p>\n<\/li>\n<li>\n<p>Passages de fourche sur tous les c\u00f4t\u00e9s<\/p>\n<\/li>\n<li>\n<p>Chariot<\/p>\n<\/li>\n<\/ul>\n","protected":false},"featured_media":9267,"template":"","meta":{"_acf_changed":false},"product_brand":[1214],"product_cat":[801],"product_tag":[],"class_list":{"0":"post-15101","1":"product","2":"type-product","3":"status-publish","4":"has-post-thumbnail","6":"product_brand-aurora-fr","7":"product_cat-eclairage-de-chantier","8":"pa_vermogen-4x160-w-2800-m2-fr","9":"pa_vermogen-4x320-w-4300-m2-fr","10":"pa_vermogen-4x75-w-2000-m2-fr","12":"first","13":"instock","14":"taxable","15":"shipping-taxable","16":"purchasable","17":"product-type-variable","18":"has-default-attributes"},"acf":[],"_links":{"self":[{"href":"https:\/\/mdbouwmachines.be\/fr\/wp-json\/wp\/v2\/product\/15101","targetHints":{"allow":["GET"]}}],"collection":[{"href":"https:\/\/mdbouwmachines.be\/fr\/wp-json\/wp\/v2\/product"}],"about":[{"href":"https:\/\/mdbouwmachines.be\/fr\/wp-json\/wp\/v2\/types\/product"}],"wp:featuredmedia":[{"embeddable":true,"href":"https:\/\/mdbouwmachines.be\/fr\/wp-json\/wp\/v2\/media\/9267"}],"wp:attachment":[{"href":"https:\/\/mdbouwmachines.be\/fr\/wp-json\/wp\/v2\/media?parent=15101"}],"wp:term":[{"taxonomy":"product_brand","embeddable":true,"href":"https:\/\/mdbouwmachines.be\/fr\/wp-json\/wp\/v2\/product_brand?post=15101"},{"taxonomy":"product_cat","embeddable":true,"href":"https:\/\/mdbouwmachines.be\/fr\/wp-json\/wp\/v2\/product_cat?post=15101"},{"taxonomy":"product_tag","embeddable":true,"href":"https:\/\/mdbouwmachines.be\/fr\/wp-json\/wp\/v2\/product_tag?post=15101"}],"curies":[{"name":"wp","href":"https:\/\/api.w.org\/{rel}","templated":true}]}}