{"id":15080,"date":"2025-01-24T09:54:31","date_gmt":"2025-01-24T08:54:31","guid":{"rendered":"https:\/\/mdbouwmachines.be\/product\/aurora-lambda\/"},"modified":"2025-06-23T13:06:17","modified_gmt":"2025-06-23T12:06:17","slug":"aurora-lambda","status":"publish","type":"product","link":"https:\/\/mdbouwmachines.be\/fr\/produit\/aurora-lambda\/","title":{"rendered":"Aurora LAMBDA"},"content":{"rendered":"","protected":false},"excerpt":{"rendered":"<ul>\n<li>\n<p>Mod\u00e8les disponibles en 2 hauteurs : 5,5 m et 7 m<\/p>\n<\/li>\n<li>\n<p>Projecteurs LED orientables et inclinables tr\u00e8s r\u00e9sistants avec indice de protection IP67 dans un bo\u00eetier en aluminium moul\u00e9 sous pression<\/p>\n<\/li>\n<li>\n<p>Lampes d\u2019une dur\u00e9e de vie de 85000 h<\/p>\n<\/li>\n<li>\n<p>M\u00e2t en acier galvanis\u00e9 avec profil\u00e9s pour r\u00e9duire les frottements<\/p>\n<\/li>\n<li>\n<p>Levage manuel<\/p>\n<\/li>\n<li>\n<p>R\u00e9sistance au vent jusqu\u2019\u00e0 80 km\/h<\/p>\n<\/li>\n<\/ul>\n","protected":false},"featured_media":9263,"template":"","meta":{"_acf_changed":false},"product_brand":[1214],"product_cat":[801],"product_tag":[],"class_list":{"0":"post-15080","1":"product","2":"type-product","3":"status-publish","4":"has-post-thumbnail","6":"product_brand-aurora-fr","7":"product_cat-eclairage-de-chantier","8":"pa_vermogen-4x160-w-2400-m2-5-m-hoog-fr","9":"pa_vermogen-4x160-w-2800-m2-7-m-hoog-fr","10":"pa_vermogen-4x75-w-1500-m2-5-m-hoog-fr","11":"pa_vermogen-4x75-w-2000-m2-7-m-hoog-fr","13":"first","14":"instock","15":"taxable","16":"shipping-taxable","17":"purchasable","18":"product-type-variable","19":"has-default-attributes"},"acf":[],"_links":{"self":[{"href":"https:\/\/mdbouwmachines.be\/fr\/wp-json\/wp\/v2\/product\/15080","targetHints":{"allow":["GET"]}}],"collection":[{"href":"https:\/\/mdbouwmachines.be\/fr\/wp-json\/wp\/v2\/product"}],"about":[{"href":"https:\/\/mdbouwmachines.be\/fr\/wp-json\/wp\/v2\/types\/product"}],"wp:featuredmedia":[{"embeddable":true,"href":"https:\/\/mdbouwmachines.be\/fr\/wp-json\/wp\/v2\/media\/9263"}],"wp:attachment":[{"href":"https:\/\/mdbouwmachines.be\/fr\/wp-json\/wp\/v2\/media?parent=15080"}],"wp:term":[{"taxonomy":"product_brand","embeddable":true,"href":"https:\/\/mdbouwmachines.be\/fr\/wp-json\/wp\/v2\/product_brand?post=15080"},{"taxonomy":"product_cat","embeddable":true,"href":"https:\/\/mdbouwmachines.be\/fr\/wp-json\/wp\/v2\/product_cat?post=15080"},{"taxonomy":"product_tag","embeddable":true,"href":"https:\/\/mdbouwmachines.be\/fr\/wp-json\/wp\/v2\/product_tag?post=15080"}],"curies":[{"name":"wp","href":"https:\/\/api.w.org\/{rel}","templated":true}]}}