{"id":15070,"date":"2025-01-24T09:54:32","date_gmt":"2025-01-24T08:54:32","guid":{"rendered":"https:\/\/mdbouwmachines.be\/product\/aurora-sigma\/"},"modified":"2025-06-23T13:06:17","modified_gmt":"2025-06-23T12:06:17","slug":"aurora-sigma","status":"publish","type":"product","link":"https:\/\/mdbouwmachines.be\/fr\/produit\/aurora-sigma\/","title":{"rendered":"Aurora SIGMA"},"content":{"rendered":"","protected":false},"excerpt":{"rendered":"<ul>\n<li>\n<p>Hauteur maximale des mod\u00e8les 5,5 m<\/p>\n<\/li>\n<li>\n<p>Projecteurs LED orientables et inclinables tr\u00e8s r\u00e9sistants avec indice de protection IP67 dans un bo\u00eetier en aluminium moul\u00e9 sous pression<\/p>\n<\/li>\n<li>\n<p>Lampes d\u2019une dur\u00e9e de vie de 85000 h<\/p>\n<\/li>\n<li>\n<p>M\u00e2t en acier galvanis\u00e9 avec profil\u00e9s pour r\u00e9duire les frottements<\/p>\n<\/li>\n<li>\n<p>Levage manuel<\/p>\n<\/li>\n<li>\n<p>R\u00e9sistance au vent jusqu\u2019\u00e0 80 km\/h rotation \u00e0 360\u00b0 du m\u00e2t<\/p>\n<\/li>\n<li>\n<p>Pied de support avec 4 trous de montage<\/p>\n<\/li>\n<\/ul>\n","protected":false},"featured_media":9271,"template":"","meta":{"_acf_changed":false},"product_brand":[1214],"product_cat":[801],"product_tag":[],"class_list":{"0":"post-15070","1":"product","2":"type-product","3":"status-publish","4":"has-post-thumbnail","6":"product_brand-aurora-fr","7":"product_cat-eclairage-de-chantier","8":"pa_vermogen-4x160-w-2400-m2-fr","9":"pa_vermogen-4x75-w-1500-m2-fr","11":"first","12":"instock","13":"taxable","14":"shipping-taxable","15":"purchasable","16":"product-type-variable","17":"has-default-attributes"},"acf":[],"_links":{"self":[{"href":"https:\/\/mdbouwmachines.be\/fr\/wp-json\/wp\/v2\/product\/15070","targetHints":{"allow":["GET"]}}],"collection":[{"href":"https:\/\/mdbouwmachines.be\/fr\/wp-json\/wp\/v2\/product"}],"about":[{"href":"https:\/\/mdbouwmachines.be\/fr\/wp-json\/wp\/v2\/types\/product"}],"wp:featuredmedia":[{"embeddable":true,"href":"https:\/\/mdbouwmachines.be\/fr\/wp-json\/wp\/v2\/media\/9271"}],"wp:attachment":[{"href":"https:\/\/mdbouwmachines.be\/fr\/wp-json\/wp\/v2\/media?parent=15070"}],"wp:term":[{"taxonomy":"product_brand","embeddable":true,"href":"https:\/\/mdbouwmachines.be\/fr\/wp-json\/wp\/v2\/product_brand?post=15070"},{"taxonomy":"product_cat","embeddable":true,"href":"https:\/\/mdbouwmachines.be\/fr\/wp-json\/wp\/v2\/product_cat?post=15070"},{"taxonomy":"product_tag","embeddable":true,"href":"https:\/\/mdbouwmachines.be\/fr\/wp-json\/wp\/v2\/product_tag?post=15070"}],"curies":[{"name":"wp","href":"https:\/\/api.w.org\/{rel}","templated":true}]}}