{"id":15009,"date":"2025-01-24T09:53:46","date_gmt":"2025-01-24T09:53:46","guid":{"rendered":"https:\/\/mdbouwmachines.be\/product\/tige-de-controle\/"},"modified":"2025-01-24T09:53:46","modified_gmt":"2025-01-24T08:53:46","slug":"tige-de-controle","status":"publish","type":"product","link":"https:\/\/mdbouwmachines.be\/fr\/produit\/tige-de-controle\/","title":{"rendered":"Tige de contr\u00f4le"},"content":{"rendered":"","protected":false},"excerpt":{"rendered":"<ul>\n<li>\n<p>R\u00e9duit les bosses et remplit les zones basses pendant que le b\u00e9ton est encore en plastique  <\/p>\n<\/li>\n<li>\n<p>L\u2019extrusion d\u2019aluminium l\u00e9g\u00e8re offre une grande rigidit\u00e9  <\/p>\n<\/li>\n<li>\n<p>Livr\u00e9 complet avec un contr\u00f4le du pas de l\u2019entra\u00eenement \u00e0 vis sans fin (Knucklehead), un jeu de stabilisateurs et trois poign\u00e9es \u00e0 pression extensibles (1,8 m chacune)<\/p>\n<\/li>\n<\/ul>\n","protected":false},"featured_media":9191,"template":"","meta":{"_acf_changed":false},"product_brand":[1133],"product_cat":[495],"product_tag":[],"class_list":{"0":"post-15009","1":"product","2":"type-product","3":"status-publish","4":"has-post-thumbnail","6":"product_brand-md-bouwmachines-fr","7":"product_cat-outils-et-outils-a-main","8":"product_shipping_class-supplementaire","10":"first","11":"instock","12":"taxable","13":"shipping-taxable","14":"purchasable","15":"product-type-variable","16":"has-default-attributes"},"acf":[],"_links":{"self":[{"href":"https:\/\/mdbouwmachines.be\/fr\/wp-json\/wp\/v2\/product\/15009","targetHints":{"allow":["GET"]}}],"collection":[{"href":"https:\/\/mdbouwmachines.be\/fr\/wp-json\/wp\/v2\/product"}],"about":[{"href":"https:\/\/mdbouwmachines.be\/fr\/wp-json\/wp\/v2\/types\/product"}],"wp:featuredmedia":[{"embeddable":true,"href":"https:\/\/mdbouwmachines.be\/fr\/wp-json\/wp\/v2\/media\/9191"}],"wp:attachment":[{"href":"https:\/\/mdbouwmachines.be\/fr\/wp-json\/wp\/v2\/media?parent=15009"}],"wp:term":[{"taxonomy":"product_brand","embeddable":true,"href":"https:\/\/mdbouwmachines.be\/fr\/wp-json\/wp\/v2\/product_brand?post=15009"},{"taxonomy":"product_cat","embeddable":true,"href":"https:\/\/mdbouwmachines.be\/fr\/wp-json\/wp\/v2\/product_cat?post=15009"},{"taxonomy":"product_tag","embeddable":true,"href":"https:\/\/mdbouwmachines.be\/fr\/wp-json\/wp\/v2\/product_tag?post=15009"}],"curies":[{"name":"wp","href":"https:\/\/api.w.org\/{rel}","templated":true}]}}