{"id":14995,"date":"2025-01-24T09:53:46","date_gmt":"2025-01-24T08:53:46","guid":{"rendered":"https:\/\/mdbouwmachines.be\/product\/euro-vibro\/"},"modified":"2025-01-24T09:53:46","modified_gmt":"2025-01-24T08:53:46","slug":"euro-vibro","status":"publish","type":"product","link":"https:\/\/mdbouwmachines.be\/fr\/produit\/euro-vibro\/","title":{"rendered":"Euro-Vibro"},"content":{"rendered":"","protected":false},"excerpt":{"rendered":"<ul>\n<li>\n<p>APPLICATIONS<\/p>\n<\/li>\n<li>\n<p>Pour les plaques vibrantes, les fondations, les escaliers et les trottoirs.  <\/p>\n<\/li>\n<li>\n<p>ALIMENTATION PORTABLE  <\/p>\n<\/li>\n<li>\n<p>Euro-Vibro offre la solution pour vibrer le b\u00e9ton avec une unit\u00e9 portable facile \u00e0 utiliser. Aucune alimentation \u00e9lectrique ou unit\u00e9 d\u2019entra\u00eenement s\u00e9par\u00e9e n\u2019est requise. Le moteur \u00e0 quatre temps Honda offre un fonctionnement sans probl\u00e8me et, par rapport \u00e0 un moteur \u00e0 deux temps, il consomme moins de carburant, \u00e9met moins d\u2019\u00e9missions et ne n\u00e9cessite pas de carburant m\u00e9lang\u00e9.    <\/p>\n<\/li>\n<li>\n<p>L\u00c9GER  <\/p>\n<\/li>\n<li>\n<p>L\u2019appareil est l\u00e9ger et \u00e9quilibr\u00e9, et est \u00e9quip\u00e9 d\u2019une poign\u00e9e r\u00e9glable et d\u2019une sangle de transport pour un confort d\u2019utilisation et un contr\u00f4le total.  <\/p>\n<\/li>\n<li>\n<p>FACILIT\u00c9 D\u2019UTILISATION<\/p>\n<\/li>\n<li>\n<p>  Un interrupteur marche\/arr\u00eat pratique et un acc\u00e9l\u00e9rateur int\u00e9gr\u00e9s dans la poign\u00e9e.<\/p>\n<\/li>\n<\/ul>\n","protected":false},"featured_media":9195,"template":"","meta":{"_acf_changed":false},"product_brand":[1136],"product_cat":[813],"product_tag":[],"class_list":{"0":"post-14995","1":"product","2":"type-product","3":"status-publish","4":"has-post-thumbnail","6":"product_brand-btc-fr","7":"product_cat-aiguilles-vibrantes-inverseurs","9":"first","10":"instock","11":"taxable","12":"shipping-taxable","13":"purchasable","14":"product-type-simple"},"acf":[],"_links":{"self":[{"href":"https:\/\/mdbouwmachines.be\/fr\/wp-json\/wp\/v2\/product\/14995","targetHints":{"allow":["GET"]}}],"collection":[{"href":"https:\/\/mdbouwmachines.be\/fr\/wp-json\/wp\/v2\/product"}],"about":[{"href":"https:\/\/mdbouwmachines.be\/fr\/wp-json\/wp\/v2\/types\/product"}],"wp:featuredmedia":[{"embeddable":true,"href":"https:\/\/mdbouwmachines.be\/fr\/wp-json\/wp\/v2\/media\/9195"}],"wp:attachment":[{"href":"https:\/\/mdbouwmachines.be\/fr\/wp-json\/wp\/v2\/media?parent=14995"}],"wp:term":[{"taxonomy":"product_brand","embeddable":true,"href":"https:\/\/mdbouwmachines.be\/fr\/wp-json\/wp\/v2\/product_brand?post=14995"},{"taxonomy":"product_cat","embeddable":true,"href":"https:\/\/mdbouwmachines.be\/fr\/wp-json\/wp\/v2\/product_cat?post=14995"},{"taxonomy":"product_tag","embeddable":true,"href":"https:\/\/mdbouwmachines.be\/fr\/wp-json\/wp\/v2\/product_tag?post=14995"}],"curies":[{"name":"wp","href":"https:\/\/api.w.org\/{rel}","templated":true}]}}