{"id":14981,"date":"2025-01-24T09:53:45","date_gmt":"2025-01-24T08:53:45","guid":{"rendered":"https:\/\/mdbouwmachines.be\/product\/placeur-du-texas\/"},"modified":"2025-01-24T09:53:45","modified_gmt":"2025-01-24T08:53:45","slug":"placeur-du-texas","status":"publish","type":"product","link":"https:\/\/mdbouwmachines.be\/fr\/produit\/placeur-du-texas\/","title":{"rendered":"Placeur du Texas"},"content":{"rendered":"","protected":false},"excerpt":{"rendered":"<ul>\n<li>\n<p>Un outil pratique sur le chantier pour pousser et tirer le b\u00e9ton l\u00e0 o\u00f9 il est n\u00e9cessaire  <\/p>\n<\/li>\n<li>\n<p>Placeur qui facilite le glissement du b\u00e9ton lors du coulage des dalles.  <\/p>\n<\/li>\n<li>\n<p>Livr\u00e9 avec poign\u00e9e de 1,5 m<\/p>\n<\/li>\n<\/ul>\n","protected":false},"featured_media":9179,"template":"","meta":{"_acf_changed":false},"product_brand":[1133],"product_cat":[495],"product_tag":[],"class_list":{"0":"post-14981","1":"product","2":"type-product","3":"status-publish","4":"has-post-thumbnail","6":"product_brand-md-bouwmachines-fr","7":"product_cat-outils-et-outils-a-main","9":"first","10":"instock","11":"taxable","12":"shipping-taxable","13":"purchasable","14":"product-type-simple"},"acf":[],"_links":{"self":[{"href":"https:\/\/mdbouwmachines.be\/fr\/wp-json\/wp\/v2\/product\/14981","targetHints":{"allow":["GET"]}}],"collection":[{"href":"https:\/\/mdbouwmachines.be\/fr\/wp-json\/wp\/v2\/product"}],"about":[{"href":"https:\/\/mdbouwmachines.be\/fr\/wp-json\/wp\/v2\/types\/product"}],"wp:featuredmedia":[{"embeddable":true,"href":"https:\/\/mdbouwmachines.be\/fr\/wp-json\/wp\/v2\/media\/9179"}],"wp:attachment":[{"href":"https:\/\/mdbouwmachines.be\/fr\/wp-json\/wp\/v2\/media?parent=14981"}],"wp:term":[{"taxonomy":"product_brand","embeddable":true,"href":"https:\/\/mdbouwmachines.be\/fr\/wp-json\/wp\/v2\/product_brand?post=14981"},{"taxonomy":"product_cat","embeddable":true,"href":"https:\/\/mdbouwmachines.be\/fr\/wp-json\/wp\/v2\/product_cat?post=14981"},{"taxonomy":"product_tag","embeddable":true,"href":"https:\/\/mdbouwmachines.be\/fr\/wp-json\/wp\/v2\/product_tag?post=14981"}],"curies":[{"name":"wp","href":"https:\/\/api.w.org\/{rel}","templated":true}]}}