{"id":14976,"date":"2025-01-24T09:53:46","date_gmt":"2025-01-24T09:53:46","guid":{"rendered":"https:\/\/mdbouwmachines.be\/product\/tapis-de-coco-diametre-60-75-90-120\/"},"modified":"2025-01-24T09:53:46","modified_gmt":"2025-01-24T08:53:46","slug":"tapis-de-coco-diametre-60-75-90-120","status":"publish","type":"product","link":"https:\/\/mdbouwmachines.be\/fr\/produit\/tapis-de-coco-diametre-60-75-90-120\/","title":{"rendered":"Tapis de coco diam\u00e8tre 60\/75\/90\/120"},"content":{"rendered":"","protected":false},"excerpt":{"rendered":"<p>Des tapis de noix de coco qui sont coll\u00e9s sur un disque de pr\u00e9-travail pour frotter la cire sur un sol en b\u00e9ton pour une finition brillante. Disponible en diam\u00e8tre 60\/75\/90\/120 <\/p>\n","protected":false},"featured_media":9523,"template":"","meta":{"_acf_changed":false},"product_brand":[1133],"product_cat":[529],"product_tag":[],"class_list":{"0":"post-14976","1":"product","2":"type-product","3":"status-publish","4":"has-post-thumbnail","6":"product_brand-md-bouwmachines-fr","7":"product_cat-consommables","9":"first","10":"instock","11":"taxable","12":"shipping-taxable","13":"purchasable","14":"product-type-variable","15":"has-default-attributes"},"acf":[],"_links":{"self":[{"href":"https:\/\/mdbouwmachines.be\/fr\/wp-json\/wp\/v2\/product\/14976","targetHints":{"allow":["GET"]}}],"collection":[{"href":"https:\/\/mdbouwmachines.be\/fr\/wp-json\/wp\/v2\/product"}],"about":[{"href":"https:\/\/mdbouwmachines.be\/fr\/wp-json\/wp\/v2\/types\/product"}],"wp:featuredmedia":[{"embeddable":true,"href":"https:\/\/mdbouwmachines.be\/fr\/wp-json\/wp\/v2\/media\/9523"}],"wp:attachment":[{"href":"https:\/\/mdbouwmachines.be\/fr\/wp-json\/wp\/v2\/media?parent=14976"}],"wp:term":[{"taxonomy":"product_brand","embeddable":true,"href":"https:\/\/mdbouwmachines.be\/fr\/wp-json\/wp\/v2\/product_brand?post=14976"},{"taxonomy":"product_cat","embeddable":true,"href":"https:\/\/mdbouwmachines.be\/fr\/wp-json\/wp\/v2\/product_cat?post=14976"},{"taxonomy":"product_tag","embeddable":true,"href":"https:\/\/mdbouwmachines.be\/fr\/wp-json\/wp\/v2\/product_tag?post=14976"}],"curies":[{"name":"wp","href":"https:\/\/api.w.org\/{rel}","templated":true}]}}