{"id":14955,"date":"2025-01-24T09:53:45","date_gmt":"2025-01-24T09:53:45","guid":{"rendered":"https:\/\/mdbouwmachines.be\/product\/coupe-bosse-a-usage-intensif\/"},"modified":"2025-01-24T09:53:45","modified_gmt":"2025-01-24T08:53:45","slug":"coupe-bosse-a-usage-intensif","status":"publish","type":"product","link":"https:\/\/mdbouwmachines.be\/fr\/produit\/coupe-bosse-a-usage-intensif\/","title":{"rendered":"Coupe-bosse \u00e0 usage intensif"},"content":{"rendered":"","protected":false},"excerpt":{"rendered":"<ul>\n<li>\n<p>Pare-chocs robuste (\u00e9galement connu sous le nom de bord droit) con\u00e7u pour les sols \u00e0 haute tol\u00e9rance  <\/p>\n<\/li>\n<li>\n<p>R\u00e9duit les bosses et remplit les zones basses apr\u00e8s que la dalle de b\u00e9ton ait flott\u00e9  <\/p>\n<\/li>\n<li>\n<p>L\u2019extrusion d\u2019aluminium l\u00e9g\u00e8re de nouveau style offre une rigidit\u00e9 exceptionnelle  <\/p>\n<\/li>\n<li>\n<p>Convient pour la production de sp\u00e9cifications \u00ab&nbsp;Super Flat&nbsp;\u00bb  <\/p>\n<\/li>\n<li>\n<p>Particuli\u00e8rement utile avec les machines \u00e0 chape laser  <\/p>\n<\/li>\n<li>\n<p>Livr\u00e9 complet avec un contr\u00f4le du pas de l\u2019entra\u00eenement \u00e0 vis sans fin (Knucklehead), un jeu de stabilisateurs et trois poign\u00e9es \u00e0 pression extensibles (1,8 m chacune)<\/p>\n<\/li>\n<\/ul>\n","protected":false},"featured_media":9183,"template":"","meta":{"_acf_changed":false},"product_brand":[1133],"product_cat":[495],"product_tag":[],"class_list":{"0":"post-14955","1":"product","2":"type-product","3":"status-publish","4":"has-post-thumbnail","6":"product_brand-md-bouwmachines-fr","7":"product_cat-outils-et-outils-a-main","8":"product_shipping_class-supplementaire","10":"first","11":"instock","12":"taxable","13":"shipping-taxable","14":"purchasable","15":"product-type-variable","16":"has-default-attributes"},"acf":[],"_links":{"self":[{"href":"https:\/\/mdbouwmachines.be\/fr\/wp-json\/wp\/v2\/product\/14955","targetHints":{"allow":["GET"]}}],"collection":[{"href":"https:\/\/mdbouwmachines.be\/fr\/wp-json\/wp\/v2\/product"}],"about":[{"href":"https:\/\/mdbouwmachines.be\/fr\/wp-json\/wp\/v2\/types\/product"}],"wp:featuredmedia":[{"embeddable":true,"href":"https:\/\/mdbouwmachines.be\/fr\/wp-json\/wp\/v2\/media\/9183"}],"wp:attachment":[{"href":"https:\/\/mdbouwmachines.be\/fr\/wp-json\/wp\/v2\/media?parent=14955"}],"wp:term":[{"taxonomy":"product_brand","embeddable":true,"href":"https:\/\/mdbouwmachines.be\/fr\/wp-json\/wp\/v2\/product_brand?post=14955"},{"taxonomy":"product_cat","embeddable":true,"href":"https:\/\/mdbouwmachines.be\/fr\/wp-json\/wp\/v2\/product_cat?post=14955"},{"taxonomy":"product_tag","embeddable":true,"href":"https:\/\/mdbouwmachines.be\/fr\/wp-json\/wp\/v2\/product_tag?post=14955"}],"curies":[{"name":"wp","href":"https:\/\/api.w.org\/{rel}","templated":true}]}}