{"id":14940,"date":"2025-01-24T09:53:44","date_gmt":"2025-01-24T08:53:44","guid":{"rendered":"https:\/\/mdbouwmachines.be\/product\/systeme-de-coupe-dcg-l-26-6-230-set\/"},"modified":"2025-01-24T09:53:44","modified_gmt":"2025-01-24T08:53:44","slug":"systeme-de-coupe-dcg-l-26-6-230-set","status":"publish","type":"product","link":"https:\/\/mdbouwmachines.be\/fr\/produit\/systeme-de-coupe-dcg-l-26-6-230-set\/","title":{"rendered":"Syst\u00e8me de coupe DCG L 26-6 230 set"},"content":{"rendered":"","protected":false},"excerpt":{"rendered":"<ul>\n<li>\n<p>Pr\u00eate \u00e0 l\u2019emploi tout de suite, meuleuse d\u2019angle compl\u00e8te avec capot aspirant dans le coffre. Y compris Diamantjet \u2013 disque \u00e0 tron\u00e7onner diamant\u00e9 b\u00e9ton standard 230 mm <\/p>\n<\/li>\n<li>\n<p>Meuleuse d\u2019angle puissante L 26-6 230 avec d\u00e9marrage progressif, protection contre le red\u00e9marrage en cas de coupure de courant, protection contre les surcharges, \u00e9lectronique CDC pour une vitesse constante, fonction anti-rebond<\/p>\n<\/li>\n<li>\n<p>Capot enti\u00e8rement blind\u00e9 pour une extraction efficace de la poussi\u00e8re<\/p>\n<\/li>\n<li>\n<p>Connexion directe avec le syst\u00e8me Flex Clip<\/p>\n<\/li>\n<li>\n<p>Construction extr\u00eamement stable. Pas de torsion gr\u00e2ce au poids lat\u00e9ral de la meuleuse d\u2019angle gr\u00e2ce au stabilisateur <\/p>\n<\/li>\n<li>\n<p>Plaque de base avec roues pour un travail facile vers l\u2019avant. Peut \u00eatre utilis\u00e9 avec\/sans support de guidage <\/p>\n<\/li>\n<li>\n<p>But\u00e9e de profondeur avec \u00e9chelle pour le pr\u00e9r\u00e9glage de la profondeur de coupe et des coupes individuelles (coupe plongeante) avec et sans rail de guidage (max. 55 mm avec, 60 mm sans rail)<\/p>\n<\/li>\n<li>\n<p>Poign\u00e9e lat\u00e9rale montable \u00e0 droite\/\u00e0 gauche<\/p>\n<\/li>\n<li>\n<p>Coffret avec compartiment de couvercle pour les petites pi\u00e8ces, rangement pour meule diamant\u00e9e, poign\u00e9e lat\u00e9rale et support de guidage de 800 mm<\/p>\n<\/li>\n<\/ul>\n","protected":false},"featured_media":9171,"template":"","meta":{"_acf_changed":false},"product_brand":[1173],"product_cat":[368],"product_tag":[],"class_list":{"0":"post-14940","1":"product","2":"type-product","3":"status-publish","4":"has-post-thumbnail","6":"product_brand-flex-fr","7":"product_cat-machines-a-main","9":"first","10":"instock","11":"taxable","12":"shipping-taxable","13":"purchasable","14":"product-type-simple"},"acf":[],"_links":{"self":[{"href":"https:\/\/mdbouwmachines.be\/fr\/wp-json\/wp\/v2\/product\/14940","targetHints":{"allow":["GET"]}}],"collection":[{"href":"https:\/\/mdbouwmachines.be\/fr\/wp-json\/wp\/v2\/product"}],"about":[{"href":"https:\/\/mdbouwmachines.be\/fr\/wp-json\/wp\/v2\/types\/product"}],"wp:featuredmedia":[{"embeddable":true,"href":"https:\/\/mdbouwmachines.be\/fr\/wp-json\/wp\/v2\/media\/9171"}],"wp:attachment":[{"href":"https:\/\/mdbouwmachines.be\/fr\/wp-json\/wp\/v2\/media?parent=14940"}],"wp:term":[{"taxonomy":"product_brand","embeddable":true,"href":"https:\/\/mdbouwmachines.be\/fr\/wp-json\/wp\/v2\/product_brand?post=14940"},{"taxonomy":"product_cat","embeddable":true,"href":"https:\/\/mdbouwmachines.be\/fr\/wp-json\/wp\/v2\/product_cat?post=14940"},{"taxonomy":"product_tag","embeddable":true,"href":"https:\/\/mdbouwmachines.be\/fr\/wp-json\/wp\/v2\/product_tag?post=14940"}],"curies":[{"name":"wp","href":"https:\/\/api.w.org\/{rel}","templated":true}]}}