{"id":14919,"date":"2025-01-24T10:53:43","date_gmt":"2025-01-24T09:53:43","guid":{"rendered":"https:\/\/mdbouwmachines.be\/product\/chape-a-roulettes-wildcat-35-50-100\/"},"modified":"2025-06-23T12:33:39","modified_gmt":"2025-06-23T11:33:39","slug":"chape-a-roulettes-wildcat-35-50-100","status":"publish","type":"product","link":"https:\/\/mdbouwmachines.be\/fr\/produit\/chape-a-roulettes-wildcat-35-50-100\/","title":{"rendered":"Chape \u00e0 roulettes Wildcat 35\/100"},"content":{"rendered":"","protected":false},"excerpt":{"rendered":"<p>Multivibe offre plus de choix de chapes que les autres entreprises, avec deux piliers propuls\u00e9s par Honda et une version \u00e9lectrique. Toutes les tables \u00e9quip\u00e9es de Honda tournent \u00e0 un maximum de 300 tr\/min. Choisissez la meilleure option pour votre application. Les tubes d\u2019enroulement des machines sont en acier au carbone et non en aluminium. Les chapes doivent avoir des supports de rail aux deux extr\u00e9mit\u00e9s pour fonctionner et rester de niveau. Ils sont utilis\u00e9s dans le b\u00e9ton ordinaire et peuvent \u00e9galement \u00eatre utilis\u00e9s dans le b\u00e9ton perm\u00e9able. Ce sont les chapes les plus faciles \u00e0 utiliser \u2013 m\u00eame un vendeur peut le faire.      <\/p>\n<p>Le WC35 est opt\u00e9 pour des longueurs de 0 \u00e0 6 m.<br \/>Le WC100 est opt\u00e9 pour des longueurs de 6m+<\/p>\n<p>Les deux options se composent de = 1 x poign\u00e9e d\u2019extr\u00e9mit\u00e9 avec moteur, 1 x poign\u00e9e d\u2019extr\u00e9mit\u00e9 + poids de conter, 2 x bouchon d\u2019extr\u00e9mit\u00e9 \u00e0 ins\u00e9rer dans le tube.<br \/>Les tubes sont au prix journalier du fer (+- environ 250-300 euros pour une longueur de 6 m\u00e8tres !)<\/p>\n","protected":false},"featured_media":9147,"template":"","meta":{"_acf_changed":false},"product_brand":[1169],"product_cat":[809],"product_tag":[],"class_list":{"0":"post-14919","1":"product","2":"type-product","3":"status-publish","4":"has-post-thumbnail","6":"product_brand-multivibe-fr","7":"product_cat-poutres-vibrantes","9":"first","10":"instock","11":"taxable","12":"shipping-taxable","13":"purchasable","14":"product-type-variable","15":"has-default-attributes"},"acf":[],"_links":{"self":[{"href":"https:\/\/mdbouwmachines.be\/fr\/wp-json\/wp\/v2\/product\/14919","targetHints":{"allow":["GET"]}}],"collection":[{"href":"https:\/\/mdbouwmachines.be\/fr\/wp-json\/wp\/v2\/product"}],"about":[{"href":"https:\/\/mdbouwmachines.be\/fr\/wp-json\/wp\/v2\/types\/product"}],"wp:featuredmedia":[{"embeddable":true,"href":"https:\/\/mdbouwmachines.be\/fr\/wp-json\/wp\/v2\/media\/9147"}],"wp:attachment":[{"href":"https:\/\/mdbouwmachines.be\/fr\/wp-json\/wp\/v2\/media?parent=14919"}],"wp:term":[{"taxonomy":"product_brand","embeddable":true,"href":"https:\/\/mdbouwmachines.be\/fr\/wp-json\/wp\/v2\/product_brand?post=14919"},{"taxonomy":"product_cat","embeddable":true,"href":"https:\/\/mdbouwmachines.be\/fr\/wp-json\/wp\/v2\/product_cat?post=14919"},{"taxonomy":"product_tag","embeddable":true,"href":"https:\/\/mdbouwmachines.be\/fr\/wp-json\/wp\/v2\/product_tag?post=14919"}],"curies":[{"name":"wp","href":"https:\/\/api.w.org\/{rel}","templated":true}]}}