{"id":14911,"date":"2025-01-24T10:53:44","date_gmt":"2025-01-24T09:53:44","guid":{"rendered":"https:\/\/mdbouwmachines.be\/product\/rail-en-aluminium-leviers-1-m\/"},"modified":"2025-11-24T13:11:47","modified_gmt":"2025-11-24T12:11:47","slug":"rail-en-aluminium-leviers-1-m","status":"publish","type":"product","link":"https:\/\/mdbouwmachines.be\/fr\/produit\/rail-en-aluminium-leviers-1-m\/","title":{"rendered":"Rail en aluminium + leviers 1 m"},"content":{"rendered":"","protected":false},"excerpt":{"rendered":"<p>  Barre-d\u00e9tachage l\u00e9g\u00e8re en aluminium avec double poign\u00e9e pour faciliter le lissage.<\/p>\n","protected":false},"featured_media":9175,"template":"","meta":{"_acf_changed":false},"product_brand":[1133],"product_cat":[495],"product_tag":[],"class_list":{"0":"post-14911","1":"product","2":"type-product","3":"status-publish","4":"has-post-thumbnail","6":"product_brand-md-bouwmachines-fr","7":"product_cat-outils-et-outils-a-main","8":"product_shipping_class-supplementaire","10":"first","11":"instock","12":"taxable","13":"shipping-taxable","14":"purchasable","15":"product-type-variable","16":"has-default-attributes"},"acf":[],"_links":{"self":[{"href":"https:\/\/mdbouwmachines.be\/fr\/wp-json\/wp\/v2\/product\/14911","targetHints":{"allow":["GET"]}}],"collection":[{"href":"https:\/\/mdbouwmachines.be\/fr\/wp-json\/wp\/v2\/product"}],"about":[{"href":"https:\/\/mdbouwmachines.be\/fr\/wp-json\/wp\/v2\/types\/product"}],"wp:featuredmedia":[{"embeddable":true,"href":"https:\/\/mdbouwmachines.be\/fr\/wp-json\/wp\/v2\/media\/9175"}],"wp:attachment":[{"href":"https:\/\/mdbouwmachines.be\/fr\/wp-json\/wp\/v2\/media?parent=14911"}],"wp:term":[{"taxonomy":"product_brand","embeddable":true,"href":"https:\/\/mdbouwmachines.be\/fr\/wp-json\/wp\/v2\/product_brand?post=14911"},{"taxonomy":"product_cat","embeddable":true,"href":"https:\/\/mdbouwmachines.be\/fr\/wp-json\/wp\/v2\/product_cat?post=14911"},{"taxonomy":"product_tag","embeddable":true,"href":"https:\/\/mdbouwmachines.be\/fr\/wp-json\/wp\/v2\/product_tag?post=14911"}],"curies":[{"name":"wp","href":"https:\/\/api.w.org\/{rel}","templated":true}]}}