{"id":14900,"date":"2025-01-24T09:53:43","date_gmt":"2025-01-24T08:53:43","guid":{"rendered":"https:\/\/mdbouwmachines.be\/product\/epandeur-le-btc\/"},"modified":"2025-01-24T09:53:43","modified_gmt":"2025-01-24T08:53:43","slug":"epandeur-le-btc","status":"publish","type":"product","link":"https:\/\/mdbouwmachines.be\/fr\/produit\/epandeur-le-btc\/","title":{"rendered":"\u00c9pandeur Le BTC"},"content":{"rendered":"","protected":false},"excerpt":{"rendered":"<ul>\n<li>\n<p>Capacit\u00e9 de la tr\u00e9mie jusqu\u2019\u00e0 100 kg de mat\u00e9riau de garniture  <\/p>\n<\/li>\n<li>\n<p>Plage de d\u00e9charge de 1 \u00e0 6 kg par m\u00e8tre carr\u00e9  <\/p>\n<\/li>\n<li>\n<p>Essieux de roue reli\u00e9s aux pales int\u00e9rieures de la tr\u00e9mie  <\/p>\n<\/li>\n<li>\n<p>Roues ind\u00e9pendantes, vous permettant de tourner facilement dans des espaces restreints  <\/p>\n<\/li>\n<li>\n<p>Conception \u00e9cologique, permettant de d\u00e9charger le mat\u00e9riau directement au niveau du sol  <\/p>\n<\/li>\n<li>\n<p>R\u00e9partit le mat\u00e9riau sur une \u00e9paisseur uniforme sur toute la surface du sol  <\/p>\n<\/li>\n<li>\n<p>Retournez la poign\u00e9e vers le bas et le support pour le chargement, le stockage et le transport faciles des mat\u00e9riaux  <\/p>\n<\/li>\n<li>\n<p>Disponible en options \u00e0 2 et 3 roues<\/p>\n<\/li>\n<\/ul>\n","protected":false},"featured_media":9151,"template":"","meta":{"_acf_changed":false},"product_brand":[1136],"product_cat":[423],"product_tag":[],"class_list":{"0":"post-14900","1":"product","2":"type-product","3":"status-publish","4":"has-post-thumbnail","6":"product_brand-btc-fr","7":"product_cat-epandeur","9":"first","10":"instock","11":"taxable","12":"shipping-taxable","13":"purchasable","14":"product-type-simple"},"acf":[],"_links":{"self":[{"href":"https:\/\/mdbouwmachines.be\/fr\/wp-json\/wp\/v2\/product\/14900","targetHints":{"allow":["GET"]}}],"collection":[{"href":"https:\/\/mdbouwmachines.be\/fr\/wp-json\/wp\/v2\/product"}],"about":[{"href":"https:\/\/mdbouwmachines.be\/fr\/wp-json\/wp\/v2\/types\/product"}],"wp:featuredmedia":[{"embeddable":true,"href":"https:\/\/mdbouwmachines.be\/fr\/wp-json\/wp\/v2\/media\/9151"}],"wp:attachment":[{"href":"https:\/\/mdbouwmachines.be\/fr\/wp-json\/wp\/v2\/media?parent=14900"}],"wp:term":[{"taxonomy":"product_brand","embeddable":true,"href":"https:\/\/mdbouwmachines.be\/fr\/wp-json\/wp\/v2\/product_brand?post=14900"},{"taxonomy":"product_cat","embeddable":true,"href":"https:\/\/mdbouwmachines.be\/fr\/wp-json\/wp\/v2\/product_cat?post=14900"},{"taxonomy":"product_tag","embeddable":true,"href":"https:\/\/mdbouwmachines.be\/fr\/wp-json\/wp\/v2\/product_tag?post=14900"}],"curies":[{"name":"wp","href":"https:\/\/api.w.org\/{rel}","templated":true}]}}