{"id":14898,"date":"2025-01-24T09:53:43","date_gmt":"2025-01-24T08:53:43","guid":{"rendered":"https:\/\/mdbouwmachines.be\/product\/epandeur-inox\/"},"modified":"2025-01-24T09:53:43","modified_gmt":"2025-01-24T08:53:43","slug":"epandeur-inox","status":"publish","type":"product","link":"https:\/\/mdbouwmachines.be\/fr\/produit\/epandeur-inox\/","title":{"rendered":"\u00c9pandeur . Inox"},"content":{"rendered":"","protected":false},"excerpt":{"rendered":"<p>Un \u00e9pandeur qui a \u00e9t\u00e9 adapt\u00e9 \u00e0 un \u00e9pandeur de quartz id\u00e9al sur la base des commentaires des clients, extr\u00eamement robuste, robuste, sans rouille. Un chariot de dispersion pour les plus grands \u00e9tages. <\/p>\n","protected":false},"featured_media":9555,"template":"","meta":{"_acf_changed":false},"product_brand":[1133],"product_cat":[423],"product_tag":[],"class_list":{"0":"post-14898","1":"product","2":"type-product","3":"status-publish","4":"has-post-thumbnail","6":"product_brand-md-bouwmachines-fr","7":"product_cat-epandeur","9":"first","10":"instock","11":"taxable","12":"shipping-taxable","13":"purchasable","14":"product-type-simple"},"acf":[],"_links":{"self":[{"href":"https:\/\/mdbouwmachines.be\/fr\/wp-json\/wp\/v2\/product\/14898","targetHints":{"allow":["GET"]}}],"collection":[{"href":"https:\/\/mdbouwmachines.be\/fr\/wp-json\/wp\/v2\/product"}],"about":[{"href":"https:\/\/mdbouwmachines.be\/fr\/wp-json\/wp\/v2\/types\/product"}],"wp:featuredmedia":[{"embeddable":true,"href":"https:\/\/mdbouwmachines.be\/fr\/wp-json\/wp\/v2\/media\/9555"}],"wp:attachment":[{"href":"https:\/\/mdbouwmachines.be\/fr\/wp-json\/wp\/v2\/media?parent=14898"}],"wp:term":[{"taxonomy":"product_brand","embeddable":true,"href":"https:\/\/mdbouwmachines.be\/fr\/wp-json\/wp\/v2\/product_brand?post=14898"},{"taxonomy":"product_cat","embeddable":true,"href":"https:\/\/mdbouwmachines.be\/fr\/wp-json\/wp\/v2\/product_cat?post=14898"},{"taxonomy":"product_tag","embeddable":true,"href":"https:\/\/mdbouwmachines.be\/fr\/wp-json\/wp\/v2\/product_tag?post=14898"}],"curies":[{"name":"wp","href":"https:\/\/api.w.org\/{rel}","templated":true}]}}