{"id":14891,"date":"2025-01-24T10:53:40","date_gmt":"2025-01-24T09:53:40","guid":{"rendered":"https:\/\/mdbouwmachines.be\/product\/machine-a-tresser-tjep\/"},"modified":"2025-04-24T09:12:29","modified_gmt":"2025-04-24T08:12:29","slug":"machine-a-tresser-tjep","status":"publish","type":"product","link":"https:\/\/mdbouwmachines.be\/fr\/produit\/machine-a-tresser-tjep\/","title":{"rendered":"Machine \u00e0 tresser TJEP ULTRA GRIP 40"},"content":{"rendered":"\n<hr class=\"wp-block-separator has-alpha-channel-opacity is-style-dots\" \/>\n\n<h2 class=\"wp-block-heading\">Caract\u00e9ristiques principales<\/h2>\n\n<div class=\"wp-block-group is-vertical is-layout-flex wp-container-core-group-is-layout-fe9cc265 wp-block-group-is-layout-flex\">\n<p>\u2022 Moteurs brushless 18V<br \/>\u2022 Bo\u00eete de vitesses scell\u00e9e pour plus de puissance<br \/>\u2022 Poign\u00e9e plus longue et plus \u00e9troite pour une meilleure ergonomie<br \/>\u2022 Batterie encastrable Li-ion 18V 4Ah<br \/>\u2022 Pneus plus rapides et plus serr\u00e9s<br \/>\u2022 La conception optimis\u00e9e et robuste garantit un acc\u00e8s facile \u00e0 l\u2019article et une longue dur\u00e9e de vie.<br \/>\u2022 4500+ attaches par charge<br \/>\u2022 Livr\u00e9 avec deux batteries Li-ion, un chargeur et deux bobines de fil dans un bo\u00eetier en plastique robuste.<br \/>\u2022 Connecteur pour l\u2019expansion \u00e9lectronique<br \/>\u2022 Utilisez du fil TJEP ULTRA GRIP<\/p>\n<\/div>\n","protected":false},"excerpt":{"rendered":"<p>La relieuse d\u2019armatures TJEP ULTRA GRIP augmente consid\u00e9rablement votre efficacit\u00e9 par rapport au travail physiquement exigeant, monotone et chronophage de la reliure manuelle.<\/p>\n<p><strong>Le prix est pour le kit complet (machine + 2x rouleau de reliure + 2x batterie + chargeur)<\/strong><\/p>\n","protected":false},"featured_media":16844,"template":"","meta":{"_acf_changed":false},"product_brand":[1165],"product_cat":[368],"product_tag":[],"class_list":{"0":"post-14891","1":"product","2":"type-product","3":"status-publish","4":"has-post-thumbnail","6":"product_brand-tjep-fr","7":"product_cat-machines-a-main","9":"first","10":"instock","11":"taxable","12":"shipping-taxable","13":"purchasable","14":"product-type-simple"},"acf":[],"_links":{"self":[{"href":"https:\/\/mdbouwmachines.be\/fr\/wp-json\/wp\/v2\/product\/14891","targetHints":{"allow":["GET"]}}],"collection":[{"href":"https:\/\/mdbouwmachines.be\/fr\/wp-json\/wp\/v2\/product"}],"about":[{"href":"https:\/\/mdbouwmachines.be\/fr\/wp-json\/wp\/v2\/types\/product"}],"wp:featuredmedia":[{"embeddable":true,"href":"https:\/\/mdbouwmachines.be\/fr\/wp-json\/wp\/v2\/media\/16844"}],"wp:attachment":[{"href":"https:\/\/mdbouwmachines.be\/fr\/wp-json\/wp\/v2\/media?parent=14891"}],"wp:term":[{"taxonomy":"product_brand","embeddable":true,"href":"https:\/\/mdbouwmachines.be\/fr\/wp-json\/wp\/v2\/product_brand?post=14891"},{"taxonomy":"product_cat","embeddable":true,"href":"https:\/\/mdbouwmachines.be\/fr\/wp-json\/wp\/v2\/product_cat?post=14891"},{"taxonomy":"product_tag","embeddable":true,"href":"https:\/\/mdbouwmachines.be\/fr\/wp-json\/wp\/v2\/product_tag?post=14891"}],"curies":[{"name":"wp","href":"https:\/\/api.w.org\/{rel}","templated":true}]}}