{"id":14865,"date":"2025-01-24T09:53:25","date_gmt":"2025-01-24T09:53:25","guid":{"rendered":"https:\/\/mdbouwmachines.be\/product\/revetement-en-beton\/"},"modified":"2025-01-24T09:53:25","modified_gmt":"2025-01-24T08:53:25","slug":"revetement-en-beton","status":"publish","type":"product","link":"https:\/\/mdbouwmachines.be\/fr\/produit\/revetement-en-beton\/","title":{"rendered":"Rev\u00eatement en b\u00e9ton"},"content":{"rendered":"","protected":false},"excerpt":{"rendered":"<p>Pour \u00e9liminer l\u2019exc\u00e8s d\u2019eau de la surface du b\u00e9ton. Livr\u00e9 avec une poign\u00e9e de 2 m et une option d\u2019essuie-glace de 1 m ou 2 m. <\/p>\n","protected":false},"featured_media":9139,"template":"","meta":{"_acf_changed":false},"product_brand":[1136],"product_cat":[495],"product_tag":[],"class_list":{"0":"post-14865","1":"product","2":"type-product","3":"status-publish","4":"has-post-thumbnail","6":"product_brand-btc-fr","7":"product_cat-outils-et-outils-a-main","9":"first","10":"instock","11":"taxable","12":"shipping-taxable","13":"purchasable","14":"product-type-variable","15":"has-default-attributes"},"acf":[],"_links":{"self":[{"href":"https:\/\/mdbouwmachines.be\/fr\/wp-json\/wp\/v2\/product\/14865","targetHints":{"allow":["GET"]}}],"collection":[{"href":"https:\/\/mdbouwmachines.be\/fr\/wp-json\/wp\/v2\/product"}],"about":[{"href":"https:\/\/mdbouwmachines.be\/fr\/wp-json\/wp\/v2\/types\/product"}],"wp:featuredmedia":[{"embeddable":true,"href":"https:\/\/mdbouwmachines.be\/fr\/wp-json\/wp\/v2\/media\/9139"}],"wp:attachment":[{"href":"https:\/\/mdbouwmachines.be\/fr\/wp-json\/wp\/v2\/media?parent=14865"}],"wp:term":[{"taxonomy":"product_brand","embeddable":true,"href":"https:\/\/mdbouwmachines.be\/fr\/wp-json\/wp\/v2\/product_brand?post=14865"},{"taxonomy":"product_cat","embeddable":true,"href":"https:\/\/mdbouwmachines.be\/fr\/wp-json\/wp\/v2\/product_cat?post=14865"},{"taxonomy":"product_tag","embeddable":true,"href":"https:\/\/mdbouwmachines.be\/fr\/wp-json\/wp\/v2\/product_tag?post=14865"}],"curies":[{"name":"wp","href":"https:\/\/api.w.org\/{rel}","templated":true}]}}