{"id":14856,"date":"2025-01-24T10:53:18","date_gmt":"2025-01-24T09:53:18","guid":{"rendered":"https:\/\/mdbouwmachines.be\/product\/polisseuse-simple-90-btc\/"},"modified":"2025-06-23T12:33:40","modified_gmt":"2025-06-23T11:33:40","slug":"polisseuse-simple-90-btc","status":"publish","type":"product","link":"https:\/\/mdbouwmachines.be\/fr\/produit\/polisseuse-simple-90-btc\/","title":{"rendered":"Machine de polissage BTC Single 90"},"content":{"rendered":"\n<h2 class=\"wp-block-heading\">D\u00e9finition<\/h2>\n\n<p>Cette Polisseuse Single 90 de la marque BTC est \u00e9quip\u00e9e d\u2019un moteur Honda GX160 de 5,5 ch. La bo\u00eete de vitesses robuste est parfaite pour les conditions difficiles et accident\u00e9es. La machine est \u00e9galement \u00e9quip\u00e9e en standard d\u2019un interrupteur d\u2019arr\u00eat centrifuge de s\u00e9curit\u00e9 qui garantit que le moteur s\u2019\u00e9teint automatiquement en cas d\u2019urgence. La poign\u00e9e chrom\u00e9e robuste, avec 3 tubes, est con\u00e7ue pour favoriser la facilit\u00e9 d\u2019utilisation et augmenter l\u2019effet de levier.   <\/p>\n\n<hr class=\"wp-block-separator has-alpha-channel-opacity\" \/>\n\n<h2 class=\"wp-block-heading\">Caract\u00e9ristiques principales<\/h2>\n\n<ul class=\"wp-block-list\">\n<li>Contr\u00f4le de pr\u00e9cision pour un pas pr\u00e9cis de la lame<\/li>\n\n\n\n<li>Anneau de protection chrom\u00e9 pour un nettoyage facile<\/li>\n\n\n\n<li>Crochet de levage pour un transport facile<\/li>\n\n\n\n<li>Lames universelles interchangeables avec les grandes marques<\/li>\n<\/ul>\n\n<hr class=\"wp-block-separator has-alpha-channel-opacity\" \/>\n\n<h2 class=\"wp-block-heading\">Informations techniques<\/h2>\n\n<h3 class=\"wp-block-heading\"><strong>G\u00e9n\u00e9ralit\u00e9s<\/strong><\/h3>\n\n<figure class=\"wp-block-table\"><table class=\"has-fixed-layout\"><tbody><tr><td>Diam\u00e8tre de travail<\/td><td>90 cm<\/td><\/tr><\/tbody><\/table><\/figure>\n\n<h3 class=\"wp-block-heading\"><strong>Taille<\/strong><\/h3>\n\n<figure class=\"wp-block-table\"><table class=\"has-fixed-layout\"><tbody><tr><td>Longueur (mm)<\/td><td>1480<\/td><\/tr><tr><td>Largeur (mm)<\/td><td>980<\/td><\/tr><tr><td>Hauteur (mm)<\/td><td>900<\/td><\/tr><tr><td>Poids (kg)<\/td><td>75 (\u00b1)<\/td><\/tr><\/tbody><\/table><\/figure>\n","protected":false},"excerpt":{"rendered":"<p>Machine de polissage unique 90 de la marque BTC. \u00c9quip\u00e9 d\u2019un moteur Honda GX160 de 5,5 ch. <\/p>\n","protected":false},"featured_media":9119,"template":"","meta":{"_acf_changed":false},"product_brand":[1136],"product_cat":[341],"product_tag":[],"class_list":{"0":"post-14856","1":"product","2":"type-product","3":"status-publish","4":"has-post-thumbnail","6":"product_brand-btc-fr","7":"product_cat-certaines-polisseuses","9":"first","10":"instock","11":"taxable","12":"shipping-taxable","13":"purchasable","14":"product-type-simple"},"acf":[],"_links":{"self":[{"href":"https:\/\/mdbouwmachines.be\/fr\/wp-json\/wp\/v2\/product\/14856","targetHints":{"allow":["GET"]}}],"collection":[{"href":"https:\/\/mdbouwmachines.be\/fr\/wp-json\/wp\/v2\/product"}],"about":[{"href":"https:\/\/mdbouwmachines.be\/fr\/wp-json\/wp\/v2\/types\/product"}],"wp:featuredmedia":[{"embeddable":true,"href":"https:\/\/mdbouwmachines.be\/fr\/wp-json\/wp\/v2\/media\/9119"}],"wp:attachment":[{"href":"https:\/\/mdbouwmachines.be\/fr\/wp-json\/wp\/v2\/media?parent=14856"}],"wp:term":[{"taxonomy":"product_brand","embeddable":true,"href":"https:\/\/mdbouwmachines.be\/fr\/wp-json\/wp\/v2\/product_brand?post=14856"},{"taxonomy":"product_cat","embeddable":true,"href":"https:\/\/mdbouwmachines.be\/fr\/wp-json\/wp\/v2\/product_cat?post=14856"},{"taxonomy":"product_tag","embeddable":true,"href":"https:\/\/mdbouwmachines.be\/fr\/wp-json\/wp\/v2\/product_tag?post=14856"}],"curies":[{"name":"wp","href":"https:\/\/api.w.org\/{rel}","templated":true}]}}