{"id":14839,"date":"2025-01-24T09:53:17","date_gmt":"2025-01-24T09:53:17","guid":{"rendered":"https:\/\/mdbouwmachines.be\/product\/unite-de-frappe-vibra\/"},"modified":"2025-01-24T09:53:17","modified_gmt":"2025-01-24T08:53:17","slug":"unite-de-frappe-vibra","status":"publish","type":"product","link":"https:\/\/mdbouwmachines.be\/fr\/produit\/unite-de-frappe-vibra\/","title":{"rendered":"Unit\u00e9 de frappe vibra"},"content":{"rendered":"","protected":false},"excerpt":{"rendered":"<p>Unit\u00e9 Honda gx35 (1,5 ch), moteur 4 temps. Se compose de magn\u00e9sium renforc\u00e9 (extr\u00eamement r\u00e9sistant) qui peut facilement r\u00e9sister aux vibrations constantes. Longueur du flotteur (lattes) possible de 6 pieds (1,8 m) \u00e0 10 pieds (3 m)  <\/p>\n","protected":false},"featured_media":9107,"template":"","meta":{"_acf_changed":false},"product_brand":[1147],"product_cat":[809],"product_tag":[],"class_list":{"0":"post-14839","1":"product","2":"type-product","3":"status-publish","4":"has-post-thumbnail","6":"product_brand-vibra-strike-fr","7":"product_cat-poutres-vibrantes","9":"first","10":"instock","11":"taxable","12":"shipping-taxable","13":"purchasable","14":"product-type-variable","15":"has-default-attributes"},"acf":[],"_links":{"self":[{"href":"https:\/\/mdbouwmachines.be\/fr\/wp-json\/wp\/v2\/product\/14839","targetHints":{"allow":["GET"]}}],"collection":[{"href":"https:\/\/mdbouwmachines.be\/fr\/wp-json\/wp\/v2\/product"}],"about":[{"href":"https:\/\/mdbouwmachines.be\/fr\/wp-json\/wp\/v2\/types\/product"}],"wp:featuredmedia":[{"embeddable":true,"href":"https:\/\/mdbouwmachines.be\/fr\/wp-json\/wp\/v2\/media\/9107"}],"wp:attachment":[{"href":"https:\/\/mdbouwmachines.be\/fr\/wp-json\/wp\/v2\/media?parent=14839"}],"wp:term":[{"taxonomy":"product_brand","embeddable":true,"href":"https:\/\/mdbouwmachines.be\/fr\/wp-json\/wp\/v2\/product_brand?post=14839"},{"taxonomy":"product_cat","embeddable":true,"href":"https:\/\/mdbouwmachines.be\/fr\/wp-json\/wp\/v2\/product_cat?post=14839"},{"taxonomy":"product_tag","embeddable":true,"href":"https:\/\/mdbouwmachines.be\/fr\/wp-json\/wp\/v2\/product_tag?post=14839"}],"curies":[{"name":"wp","href":"https:\/\/api.w.org\/{rel}","templated":true}]}}