{"id":14495,"date":"2025-01-25T10:06:01","date_gmt":"2025-01-25T09:06:01","guid":{"rendered":"https:\/\/mdbouwmachines.be\/product\/type-darticulation-b\/"},"modified":"2025-01-25T10:06:01","modified_gmt":"2025-01-25T09:06:01","slug":"type-darticulation-b","status":"publish","type":"product","link":"https:\/\/mdbouwmachines.be\/fr\/produit\/type-darticulation-b\/","title":{"rendered":"Type d\u2019articulation B"},"content":{"rendered":"","protected":false},"excerpt":{"rendered":"<p>Joints de dilatation\/joints de dilatation disponibles en diff\u00e9rentes hauteurs. \u00c9vitez les coupures en pla\u00e7ant ces joints, ce qui donne un aspect plus propre. Uniquement disponible en longueurs par 3 m\u00e8tres, sur 1 palette est de 69 m\u00e8tres. Le prix est indiqu\u00e9 par m\u00e8tre.   <\/p>\n","protected":false},"featured_media":9467,"template":"","meta":{"_acf_changed":false},"product_brand":[1245],"product_cat":[790],"product_tag":[],"class_list":{"0":"post-14495","1":"product","2":"type-product","3":"status-publish","4":"has-post-thumbnail","6":"product_brand-tieppo-fr","7":"product_cat-joints-de-dilatation","9":"first","10":"instock","11":"taxable","12":"shipping-taxable","13":"purchasable","14":"product-type-variable","15":"has-default-attributes"},"acf":[],"_links":{"self":[{"href":"https:\/\/mdbouwmachines.be\/fr\/wp-json\/wp\/v2\/product\/14495","targetHints":{"allow":["GET"]}}],"collection":[{"href":"https:\/\/mdbouwmachines.be\/fr\/wp-json\/wp\/v2\/product"}],"about":[{"href":"https:\/\/mdbouwmachines.be\/fr\/wp-json\/wp\/v2\/types\/product"}],"wp:featuredmedia":[{"embeddable":true,"href":"https:\/\/mdbouwmachines.be\/fr\/wp-json\/wp\/v2\/media\/9467"}],"wp:attachment":[{"href":"https:\/\/mdbouwmachines.be\/fr\/wp-json\/wp\/v2\/media?parent=14495"}],"wp:term":[{"taxonomy":"product_brand","embeddable":true,"href":"https:\/\/mdbouwmachines.be\/fr\/wp-json\/wp\/v2\/product_brand?post=14495"},{"taxonomy":"product_cat","embeddable":true,"href":"https:\/\/mdbouwmachines.be\/fr\/wp-json\/wp\/v2\/product_cat?post=14495"},{"taxonomy":"product_tag","embeddable":true,"href":"https:\/\/mdbouwmachines.be\/fr\/wp-json\/wp\/v2\/product_tag?post=14495"}],"curies":[{"name":"wp","href":"https:\/\/api.w.org\/{rel}","templated":true}]}}