{"id":14287,"date":"2025-02-12T14:58:21","date_gmt":"2025-02-12T13:58:21","guid":{"rendered":"https:\/\/mdbouwmachines.be\/product\/economiseur-de-casserole-flottante\/"},"modified":"2025-02-12T18:02:59","modified_gmt":"2025-02-12T17:02:59","slug":"economiseur-de-casserole-flottante","status":"publish","type":"product","link":"https:\/\/mdbouwmachines.be\/fr\/produit\/economiseur-de-casserole-flottante\/","title":{"rendered":"\u00c9conomiseur de casserole \u00e0 flotteur"},"content":{"rendered":"","protected":false},"excerpt":{"rendered":"<p>Un beau syst\u00e8me d\u00e9velopp\u00e9 pour obtenir un retour optimal en usure des disques de travail avant pour les machines plus lourdes telles que ALLEN, Whiteman, CONMEC, Ab Lindec.<\/p>\n<p>Avantages:<br \/>\u2013 Des heures de travail plus rapides sont obtenues<br \/>\u2013 Les disques de pr\u00e9-travail peuvent durer beaucoup plus longtemps<br \/>\u2013 R\u00e9duction des co\u00fbts de maintenance<br \/>\u2013 Moins de temps d\u2019arr\u00eat<br \/>\u2013 Risque d\u2019accident minimis\u00e9<\/p>\n<p>Kit complet = 12 pi\u00e8ces (par bras)<br \/>Enti\u00e8rement brevet\u00e9 et disponible chez nous pour toute l\u2019Europe.<\/p>\n","protected":false},"featured_media":14254,"template":"","meta":{"_acf_changed":false},"product_brand":[1133],"product_cat":[364],"product_tag":[],"class_list":{"0":"post-14287","1":"product","2":"type-product","3":"status-publish","4":"has-post-thumbnail","6":"product_brand-md-bouwmachines-fr","7":"product_cat-machines-a-polir-doubles","9":"first","10":"instock","11":"taxable","12":"shipping-taxable","13":"purchasable","14":"product-type-variable","15":"has-default-attributes"},"acf":[],"_links":{"self":[{"href":"https:\/\/mdbouwmachines.be\/fr\/wp-json\/wp\/v2\/product\/14287","targetHints":{"allow":["GET"]}}],"collection":[{"href":"https:\/\/mdbouwmachines.be\/fr\/wp-json\/wp\/v2\/product"}],"about":[{"href":"https:\/\/mdbouwmachines.be\/fr\/wp-json\/wp\/v2\/types\/product"}],"wp:featuredmedia":[{"embeddable":true,"href":"https:\/\/mdbouwmachines.be\/fr\/wp-json\/wp\/v2\/media\/14254"}],"wp:attachment":[{"href":"https:\/\/mdbouwmachines.be\/fr\/wp-json\/wp\/v2\/media?parent=14287"}],"wp:term":[{"taxonomy":"product_brand","embeddable":true,"href":"https:\/\/mdbouwmachines.be\/fr\/wp-json\/wp\/v2\/product_brand?post=14287"},{"taxonomy":"product_cat","embeddable":true,"href":"https:\/\/mdbouwmachines.be\/fr\/wp-json\/wp\/v2\/product_cat?post=14287"},{"taxonomy":"product_tag","embeddable":true,"href":"https:\/\/mdbouwmachines.be\/fr\/wp-json\/wp\/v2\/product_tag?post=14287"}],"curies":[{"name":"wp","href":"https:\/\/api.w.org\/{rel}","templated":true}]}}