{"id":14163,"date":"2025-02-12T12:02:00","date_gmt":"2025-02-12T11:02:00","guid":{"rendered":"https:\/\/mdbouwmachines.be\/product\/perche-a-batterie-cbls-300e\/"},"modified":"2025-02-12T14:26:48","modified_gmt":"2025-02-12T13:26:48","slug":"perche-a-batterie-cbls-300e","status":"publish","type":"product","link":"https:\/\/mdbouwmachines.be\/fr\/produit\/perche-a-batterie-cbls-300e\/","title":{"rendered":"Perche \u00e0 batterie CBLS-300E"},"content":{"rendered":"","protected":false},"excerpt":{"rendered":"<p>La chape en b\u00e9ton laser \u00e0 fl\u00e8che de batterie continue de cro\u00eetre avec des performances \u00e9lev\u00e9es pour des solutions innovantes et productives de placement et de nivellement du b\u00e9ton. La fl\u00e8che t\u00e9lescopique de 6 m\u00e8tres s\u2019\u00e9tend au-dessus du b\u00e9ton et permet d\u2019atteindre des armatures horizontales, des treillis ou d\u2019autres types d\u2019armatures en b\u00e9ton. Le puissant syst\u00e8me hydraulique contr\u00f4le la hauteur et la t\u00eate de table autonivelante pour maintenir la pente, ce qui permet d\u2019am\u00e9liorer le nivellement du sol, m\u00eame avec du b\u00e9ton \u00e0 faible volume de coul\u00e9e.  <\/p>\n","protected":false},"featured_media":14014,"template":"","meta":{"_acf_changed":false},"product_brand":[1221],"product_cat":[675],"product_tag":[],"class_list":{"0":"post-14163","1":"product","2":"type-product","3":"status-publish","4":"has-post-thumbnail","6":"product_brand-conmec-fr","7":"product_cat-chapes-laser","9":"first","10":"instock","11":"taxable","12":"shipping-taxable","13":"purchasable","14":"product-type-simple"},"acf":[],"_links":{"self":[{"href":"https:\/\/mdbouwmachines.be\/fr\/wp-json\/wp\/v2\/product\/14163","targetHints":{"allow":["GET"]}}],"collection":[{"href":"https:\/\/mdbouwmachines.be\/fr\/wp-json\/wp\/v2\/product"}],"about":[{"href":"https:\/\/mdbouwmachines.be\/fr\/wp-json\/wp\/v2\/types\/product"}],"wp:featuredmedia":[{"embeddable":true,"href":"https:\/\/mdbouwmachines.be\/fr\/wp-json\/wp\/v2\/media\/14014"}],"wp:attachment":[{"href":"https:\/\/mdbouwmachines.be\/fr\/wp-json\/wp\/v2\/media?parent=14163"}],"wp:term":[{"taxonomy":"product_brand","embeddable":true,"href":"https:\/\/mdbouwmachines.be\/fr\/wp-json\/wp\/v2\/product_brand?post=14163"},{"taxonomy":"product_cat","embeddable":true,"href":"https:\/\/mdbouwmachines.be\/fr\/wp-json\/wp\/v2\/product_cat?post=14163"},{"taxonomy":"product_tag","embeddable":true,"href":"https:\/\/mdbouwmachines.be\/fr\/wp-json\/wp\/v2\/product_tag?post=14163"}],"curies":[{"name":"wp","href":"https:\/\/api.w.org\/{rel}","templated":true}]}}