{"id":14151,"date":"2025-02-12T12:02:02","date_gmt":"2025-02-12T11:02:02","guid":{"rendered":"https:\/\/mdbouwmachines.be\/product\/epandeur-detetage-darbres-cbts200\/"},"modified":"2025-02-12T18:02:58","modified_gmt":"2025-02-12T17:02:58","slug":"epandeur-detetage-darbres-cbts200","status":"publish","type":"product","link":"https:\/\/mdbouwmachines.be\/fr\/produit\/epandeur-detetage-darbres-cbts200\/","title":{"rendered":"\u00c9pandeur d\u2019\u00e9t\u00eatage d\u2019arbres CBTS200"},"content":{"rendered":"","protected":false},"excerpt":{"rendered":"<p>\u00c9talez une grande vari\u00e9t\u00e9 de garnitures \u00e0 secouer avec l\u2019\u00e9pandeur de garniture \u00e0 fl\u00e8che. La conception unique et polyvalente comprend une technique de chargement \u00e0 faible teneur en poussi\u00e8re avec des brosses d\u2019entr\u00e9e, un stockage pouvant contenir jusqu\u2019\u00e0 vingt sacs de 22,7 kg et une machine compacte pour un transport plus facile. CBTS200 \u00e9pandeur de garniture offre une pr\u00e9cision de saupoudrage qui vous permet de r\u00e9partir les garnitures \u00e0 secouer du mat\u00e9riau fin \u00e0 la pierre tombante.  <\/p>\n","protected":false},"featured_media":14026,"template":"","meta":{"_acf_changed":false},"product_brand":[1221],"product_cat":[675],"product_tag":[],"class_list":{"0":"post-14151","1":"product","2":"type-product","3":"status-publish","4":"has-post-thumbnail","6":"product_brand-conmec-fr","7":"product_cat-chapes-laser","8":"pa_vermogen-44-pk-fr","10":"first","11":"instock","12":"taxable","13":"shipping-taxable","14":"purchasable","15":"product-type-simple"},"acf":[],"_links":{"self":[{"href":"https:\/\/mdbouwmachines.be\/fr\/wp-json\/wp\/v2\/product\/14151","targetHints":{"allow":["GET"]}}],"collection":[{"href":"https:\/\/mdbouwmachines.be\/fr\/wp-json\/wp\/v2\/product"}],"about":[{"href":"https:\/\/mdbouwmachines.be\/fr\/wp-json\/wp\/v2\/types\/product"}],"wp:featuredmedia":[{"embeddable":true,"href":"https:\/\/mdbouwmachines.be\/fr\/wp-json\/wp\/v2\/media\/14026"}],"wp:attachment":[{"href":"https:\/\/mdbouwmachines.be\/fr\/wp-json\/wp\/v2\/media?parent=14151"}],"wp:term":[{"taxonomy":"product_brand","embeddable":true,"href":"https:\/\/mdbouwmachines.be\/fr\/wp-json\/wp\/v2\/product_brand?post=14151"},{"taxonomy":"product_cat","embeddable":true,"href":"https:\/\/mdbouwmachines.be\/fr\/wp-json\/wp\/v2\/product_cat?post=14151"},{"taxonomy":"product_tag","embeddable":true,"href":"https:\/\/mdbouwmachines.be\/fr\/wp-json\/wp\/v2\/product_tag?post=14151"}],"curies":[{"name":"wp","href":"https:\/\/api.w.org\/{rel}","templated":true}]}}