{"id":14146,"date":"2025-02-12T12:02:05","date_gmt":"2025-02-12T11:02:05","guid":{"rendered":"https:\/\/mdbouwmachines.be\/product\/marcher-derriere-cls-e260e\/"},"modified":"2025-02-12T18:16:45","modified_gmt":"2025-02-12T17:16:45","slug":"marcher-derriere-cls-e260e","status":"publish","type":"product","link":"https:\/\/mdbouwmachines.be\/fr\/produit\/marcher-derriere-cls-e260e\/","title":{"rendered":"Marcher derri\u00e8re CLS-E260E"},"content":{"rendered":"","protected":false},"excerpt":{"rendered":"<p>Le Walk behind CLS utilise une technologie avanc\u00e9e de nivellement laser pour amener le b\u00e9ton \u00e0 une pente finie, finir et vibrer en douceur en un seul passage. Vous pouvez travailler plus rapidement car la table d\u00e9finit automatiquement la pente, ce qui permet \u00e0 l\u2019op\u00e9rateur de se d\u00e9placer rapidement et efficacement dans la zone de travail. La conception compacte et l\u00e9g\u00e8re de la table assure une facilit\u00e9 d\u2019utilisation.  <\/p>\n","protected":false},"featured_media":14044,"template":"","meta":{"_acf_changed":false},"product_brand":[1221],"product_cat":[675],"product_tag":[],"class_list":{"0":"post-14146","1":"product","2":"type-product","3":"status-publish","4":"has-post-thumbnail","6":"product_brand-conmec-fr","7":"product_cat-chapes-laser","8":"pa_vermogen-6-5-pk-fr","10":"first","11":"instock","12":"taxable","13":"shipping-taxable","14":"purchasable","15":"product-type-simple"},"acf":[],"_links":{"self":[{"href":"https:\/\/mdbouwmachines.be\/fr\/wp-json\/wp\/v2\/product\/14146","targetHints":{"allow":["GET"]}}],"collection":[{"href":"https:\/\/mdbouwmachines.be\/fr\/wp-json\/wp\/v2\/product"}],"about":[{"href":"https:\/\/mdbouwmachines.be\/fr\/wp-json\/wp\/v2\/types\/product"}],"wp:featuredmedia":[{"embeddable":true,"href":"https:\/\/mdbouwmachines.be\/fr\/wp-json\/wp\/v2\/media\/14044"}],"wp:attachment":[{"href":"https:\/\/mdbouwmachines.be\/fr\/wp-json\/wp\/v2\/media?parent=14146"}],"wp:term":[{"taxonomy":"product_brand","embeddable":true,"href":"https:\/\/mdbouwmachines.be\/fr\/wp-json\/wp\/v2\/product_brand?post=14146"},{"taxonomy":"product_cat","embeddable":true,"href":"https:\/\/mdbouwmachines.be\/fr\/wp-json\/wp\/v2\/product_cat?post=14146"},{"taxonomy":"product_tag","embeddable":true,"href":"https:\/\/mdbouwmachines.be\/fr\/wp-json\/wp\/v2\/product_tag?post=14146"}],"curies":[{"name":"wp","href":"https:\/\/api.w.org\/{rel}","templated":true}]}}