{"id":14130,"date":"2025-02-12T12:02:05","date_gmt":"2025-02-12T11:02:05","guid":{"rendered":"https:\/\/mdbouwmachines.be\/product\/whiteman-estxdf\/"},"modified":"2025-02-12T20:38:20","modified_gmt":"2025-02-12T19:38:20","slug":"whiteman-estxdf","status":"publish","type":"product","link":"https:\/\/mdbouwmachines.be\/fr\/produit\/whiteman-estxdf\/","title":{"rendered":"Whiteman ESTXDF"},"content":{"rendered":"<p><strong>Puissant moteur Ford essence-GPL de 84 ch<br \/><\/strong>Produit un couple optimal pour les casseroles et apporte plus de puissance au sol pour la combustion<\/p>\n<p><strong>Contr\u00f4le actif de la vitesse<br \/><\/strong>Il permet \u00e0 l\u2019op\u00e9rateur de r\u00e9gler avec pr\u00e9cision la vitesse du rotor \u00e0 l\u2019aide de l\u2019interface num\u00e9rique. Surveille activement les vitesses constantes du rotor dans diff\u00e9rentes conditions de charge <\/p>\n<p><strong>Syst\u00e8me hydrostatique complet<br \/><\/strong>Pompe \u00e0 cylindr\u00e9e variable et moteurs \u00e0 pistons radiaux pour des performances globales accrues du syst\u00e8me<\/p>\n","protected":false},"excerpt":{"rendered":"<p>La truelle autoport\u00e9e hydraulique MQ Whiteman ESTXDF 2&#215;156 cm a \u00e9t\u00e9 enti\u00e8rement repens\u00e9e pour fournir la puissance maximale n\u00e9cessaire \u00e0 l\u2019orpaillage et \u00e0 la gravure. Avec la possibilit\u00e9 suppl\u00e9mentaire de fonctionner au GPL (avec une ventilation ad\u00e9quate) ou \u00e0 l\u2019essence, cette conception innovante peut \u00e9galement augmenter de 35 % les temps de fonctionnement globaux par rapport aux mod\u00e8les monocarburant standard. <\/p>\n","protected":false},"featured_media":14051,"template":"","meta":{"_acf_changed":false},"product_brand":[1249],"product_cat":[364],"product_tag":[],"class_list":{"0":"post-14130","1":"product","2":"type-product","3":"status-publish","4":"has-post-thumbnail","6":"product_brand-whiteman-fr","7":"product_cat-machines-a-polir-doubles","9":"first","10":"instock","11":"taxable","12":"shipping-taxable","13":"purchasable","14":"product-type-simple"},"acf":[],"_links":{"self":[{"href":"https:\/\/mdbouwmachines.be\/fr\/wp-json\/wp\/v2\/product\/14130","targetHints":{"allow":["GET"]}}],"collection":[{"href":"https:\/\/mdbouwmachines.be\/fr\/wp-json\/wp\/v2\/product"}],"about":[{"href":"https:\/\/mdbouwmachines.be\/fr\/wp-json\/wp\/v2\/types\/product"}],"wp:featuredmedia":[{"embeddable":true,"href":"https:\/\/mdbouwmachines.be\/fr\/wp-json\/wp\/v2\/media\/14051"}],"wp:attachment":[{"href":"https:\/\/mdbouwmachines.be\/fr\/wp-json\/wp\/v2\/media?parent=14130"}],"wp:term":[{"taxonomy":"product_brand","embeddable":true,"href":"https:\/\/mdbouwmachines.be\/fr\/wp-json\/wp\/v2\/product_brand?post=14130"},{"taxonomy":"product_cat","embeddable":true,"href":"https:\/\/mdbouwmachines.be\/fr\/wp-json\/wp\/v2\/product_cat?post=14130"},{"taxonomy":"product_tag","embeddable":true,"href":"https:\/\/mdbouwmachines.be\/fr\/wp-json\/wp\/v2\/product_tag?post=14130"}],"curies":[{"name":"wp","href":"https:\/\/api.w.org\/{rel}","templated":true}]}}