{"id":14127,"date":"2025-02-12T12:02:09","date_gmt":"2025-02-12T11:02:09","guid":{"rendered":"https:\/\/mdbouwmachines.be\/product\/allen-hdx-600\/"},"modified":"2025-06-23T12:36:49","modified_gmt":"2025-06-23T11:36:49","slug":"allen-hdx-600","status":"publish","type":"product","link":"https:\/\/mdbouwmachines.be\/fr\/produit\/allen-hdx-600\/","title":{"rendered":"Allen HDX 600"},"content":{"rendered":"","protected":false},"excerpt":{"rendered":"<p>Le HDX600 a \u00e9t\u00e9 con\u00e7u en pensant aux entrepreneurs en b\u00e9ton plat \u00e0 grand volume. Cette truelle d\u2019entra\u00eenement est livr\u00e9e avec des modes sp\u00e9ciaux de panoramique\/finition, des affichages num\u00e9riques pour des niveaux de carburant et des diagnostics pr\u00e9cis, et un grand r\u00e9servoir de carburant de 13 gallons pour de longues p\u00e9riodes. Il est \u00e9galement \u00e9quip\u00e9 de pompes puissantes qui aident \u00e0 maintenir un excellent couple m\u00eame \u00e0 des vitesses de rotor \u00e9lev\u00e9es. Cela rend la machine excellente pour l\u2019orpaillage ou la finition.   <\/p>\n","protected":false},"featured_media":18176,"template":"","meta":{"_acf_changed":false},"product_brand":[1233],"product_cat":[364],"product_tag":[],"class_list":{"0":"post-14127","1":"product","2":"type-product","3":"status-publish","4":"has-post-thumbnail","6":"product_brand-allen-fr","7":"product_cat-machines-a-polir-doubles","9":"first","10":"instock","11":"taxable","12":"shipping-taxable","13":"purchasable","14":"product-type-simple"},"acf":[],"_links":{"self":[{"href":"https:\/\/mdbouwmachines.be\/fr\/wp-json\/wp\/v2\/product\/14127","targetHints":{"allow":["GET"]}}],"collection":[{"href":"https:\/\/mdbouwmachines.be\/fr\/wp-json\/wp\/v2\/product"}],"about":[{"href":"https:\/\/mdbouwmachines.be\/fr\/wp-json\/wp\/v2\/types\/product"}],"wp:featuredmedia":[{"embeddable":true,"href":"https:\/\/mdbouwmachines.be\/fr\/wp-json\/wp\/v2\/media\/18176"}],"wp:attachment":[{"href":"https:\/\/mdbouwmachines.be\/fr\/wp-json\/wp\/v2\/media?parent=14127"}],"wp:term":[{"taxonomy":"product_brand","embeddable":true,"href":"https:\/\/mdbouwmachines.be\/fr\/wp-json\/wp\/v2\/product_brand?post=14127"},{"taxonomy":"product_cat","embeddable":true,"href":"https:\/\/mdbouwmachines.be\/fr\/wp-json\/wp\/v2\/product_cat?post=14127"},{"taxonomy":"product_tag","embeddable":true,"href":"https:\/\/mdbouwmachines.be\/fr\/wp-json\/wp\/v2\/product_tag?post=14127"}],"curies":[{"name":"wp","href":"https:\/\/api.w.org\/{rel}","templated":true}]}}