{"id":14124,"date":"2025-02-12T12:02:06","date_gmt":"2025-02-12T11:02:06","guid":{"rendered":"https:\/\/mdbouwmachines.be\/product\/whiteman-md80\/"},"modified":"2025-02-12T20:36:33","modified_gmt":"2025-02-12T19:36:33","slug":"whiteman-md80","status":"publish","type":"product","link":"https:\/\/mdbouwmachines.be\/fr\/produit\/whiteman-md80\/","title":{"rendered":"Whiteman MD80"},"content":{"rendered":"","protected":false},"excerpt":{"rendered":"<p>Le dernier ajout \u00e0 notre famille de motocyclistes hydrostatiques est con\u00e7u pour offrir des performances sup\u00e9rieures et un fonctionnement sans probl\u00e8me. Un puissant moteur Vanguard de 40 ch fournit le couple dont vous avez besoin pour effectuer un panoramique et deux rotors \u00e0 six pales vous permettent d\u2019atteindre la finition finale. <\/p>\n","protected":false},"featured_media":14063,"template":"","meta":{"_acf_changed":false},"product_brand":[1249],"product_cat":[364],"product_tag":[],"class_list":{"0":"post-14124","1":"product","2":"type-product","3":"status-publish","4":"has-post-thumbnail","6":"product_brand-whiteman-fr","7":"product_cat-machines-a-polir-doubles","9":"first","10":"instock","11":"taxable","12":"shipping-taxable","13":"purchasable","14":"product-type-simple"},"acf":[],"_links":{"self":[{"href":"https:\/\/mdbouwmachines.be\/fr\/wp-json\/wp\/v2\/product\/14124","targetHints":{"allow":["GET"]}}],"collection":[{"href":"https:\/\/mdbouwmachines.be\/fr\/wp-json\/wp\/v2\/product"}],"about":[{"href":"https:\/\/mdbouwmachines.be\/fr\/wp-json\/wp\/v2\/types\/product"}],"wp:featuredmedia":[{"embeddable":true,"href":"https:\/\/mdbouwmachines.be\/fr\/wp-json\/wp\/v2\/media\/14063"}],"wp:attachment":[{"href":"https:\/\/mdbouwmachines.be\/fr\/wp-json\/wp\/v2\/media?parent=14124"}],"wp:term":[{"taxonomy":"product_brand","embeddable":true,"href":"https:\/\/mdbouwmachines.be\/fr\/wp-json\/wp\/v2\/product_brand?post=14124"},{"taxonomy":"product_cat","embeddable":true,"href":"https:\/\/mdbouwmachines.be\/fr\/wp-json\/wp\/v2\/product_cat?post=14124"},{"taxonomy":"product_tag","embeddable":true,"href":"https:\/\/mdbouwmachines.be\/fr\/wp-json\/wp\/v2\/product_tag?post=14124"}],"curies":[{"name":"wp","href":"https:\/\/api.w.org\/{rel}","templated":true}]}}