{"id":14119,"date":"2025-02-12T12:02:12","date_gmt":"2025-02-12T11:02:12","guid":{"rendered":"https:\/\/mdbouwmachines.be\/product\/allen-hdx-605\/"},"modified":"2025-06-23T12:36:51","modified_gmt":"2025-06-23T11:36:51","slug":"allen-hdx-605","status":"publish","type":"product","link":"https:\/\/mdbouwmachines.be\/fr\/produit\/allen-hdx-605\/","title":{"rendered":"Allen HDX 605"},"content":{"rendered":"","protected":false},"excerpt":{"rendered":"<p>Le HDX605 a \u00e9t\u00e9 con\u00e7u pour les entrepreneurs en b\u00e9ton plat \u00e0 grand volume. En plus d\u2019\u00eatre enti\u00e8rement hydraulique, ce pilote est \u00e9quip\u00e9 d\u2019un r\u00e9gulateur de vitesse, d\u2019affichages num\u00e9riques pour des niveaux de carburant et des diagnostics pr\u00e9cis, et d\u2019un grand r\u00e9servoir de carburant de 13 gallons pour de longues p\u00e9riodes. Il est \u00e9galement \u00e9quip\u00e9 de pompes puissantes qui aident \u00e0 maintenir un excellent couple m\u00eame \u00e0 des vitesses de rotor \u00e9lev\u00e9es. Cela rend la machine excellente pour l\u2019ornage, la finition ou le polissage.   <\/p>\n","protected":false},"featured_media":18171,"template":"","meta":{"_acf_changed":false},"product_brand":[1233],"product_cat":[364],"product_tag":[],"class_list":{"0":"post-14119","1":"product","2":"type-product","3":"status-publish","4":"has-post-thumbnail","6":"product_brand-allen-fr","7":"product_cat-machines-a-polir-doubles","9":"first","10":"instock","11":"taxable","12":"shipping-taxable","13":"purchasable","14":"product-type-simple"},"acf":[],"_links":{"self":[{"href":"https:\/\/mdbouwmachines.be\/fr\/wp-json\/wp\/v2\/product\/14119","targetHints":{"allow":["GET"]}}],"collection":[{"href":"https:\/\/mdbouwmachines.be\/fr\/wp-json\/wp\/v2\/product"}],"about":[{"href":"https:\/\/mdbouwmachines.be\/fr\/wp-json\/wp\/v2\/types\/product"}],"wp:featuredmedia":[{"embeddable":true,"href":"https:\/\/mdbouwmachines.be\/fr\/wp-json\/wp\/v2\/media\/18171"}],"wp:attachment":[{"href":"https:\/\/mdbouwmachines.be\/fr\/wp-json\/wp\/v2\/media?parent=14119"}],"wp:term":[{"taxonomy":"product_brand","embeddable":true,"href":"https:\/\/mdbouwmachines.be\/fr\/wp-json\/wp\/v2\/product_brand?post=14119"},{"taxonomy":"product_cat","embeddable":true,"href":"https:\/\/mdbouwmachines.be\/fr\/wp-json\/wp\/v2\/product_cat?post=14119"},{"taxonomy":"product_tag","embeddable":true,"href":"https:\/\/mdbouwmachines.be\/fr\/wp-json\/wp\/v2\/product_tag?post=14119"}],"curies":[{"name":"wp","href":"https:\/\/api.w.org\/{rel}","templated":true}]}}