{"id":14113,"date":"2025-02-12T12:02:16","date_gmt":"2025-02-12T11:02:16","guid":{"rendered":"https:\/\/mdbouwmachines.be\/product\/allen-hdx-780\/"},"modified":"2025-06-23T12:36:59","modified_gmt":"2025-06-23T11:36:59","slug":"allen-hdx-780","status":"publish","type":"product","link":"https:\/\/mdbouwmachines.be\/fr\/produit\/allen-hdx-780\/","title":{"rendered":"Allen HDX 780"},"content":{"rendered":"","protected":false},"excerpt":{"rendered":"<p>Avec des caract\u00e9ristiques in\u00e9dites telles que l\u2019affichage t\u00eate haute, le cadre de si\u00e8ge nouvellement con\u00e7u pour une meilleure visibilit\u00e9 et le syst\u00e8me \u00ab Intelli-Power \u00bb int\u00e9gr\u00e9, la truelle HDX780 est vraiment unique dans l\u2019industrie. Cette machine utilise ces nouvelles fonctionnalit\u00e9s pour garantir des performances maximales de ses composants hydrauliques Bosch-Rexroth, mais augmente \u00e9galement sa dur\u00e9e de vie. \u00c0 partir de 2021, le HDX780 sera disponible en rotation standard ou en contre-rotation. Avec des caract\u00e9ristiques in\u00e9dites telles que l\u2019affichage t\u00eate haute, le cadre de si\u00e8ge nouvellement con\u00e7u pour une meilleure visibilit\u00e9 et le syst\u00e8me \u00ab Intelli-Power \u00bb int\u00e9gr\u00e9, la truelle HDX780 est vraiment unique dans l\u2019industrie. Cette machine utilise ces nouvelles fonctionnalit\u00e9s pour garantir des performances maximales de ses composants hydrauliques Bosch-Rexroth, mais augmente \u00e9galement sa dur\u00e9e de vie. \u00c0 partir de 2021, le HDX780 sera disponible en rotation standard ou en contre-rotation. Avec des caract\u00e9ristiques in\u00e9dites telles que l\u2019affichage t\u00eate haute, le cadre de si\u00e8ge nouvellement con\u00e7u pour une meilleure visibilit\u00e9 et le syst\u00e8me \u00ab Intelli-Power \u00bb int\u00e9gr\u00e9, la truelle HDX780 est vraiment unique dans l\u2019industrie. Cette machine utilise ces nouvelles fonctionnalit\u00e9s pour garantir des performances maximales de ses composants hydrauliques Bosch-Rexroth, mais augmente \u00e9galement sa dur\u00e9e de vie. \u00c0 partir de 2021, le HDX780 sera disponible en rotation standard ou en contre-rotation.<\/p>\n","protected":false},"featured_media":18161,"template":"","meta":{"_acf_changed":false},"product_brand":[1233],"product_cat":[364],"product_tag":[],"class_list":{"0":"post-14113","1":"product","2":"type-product","3":"status-publish","4":"has-post-thumbnail","6":"product_brand-allen-fr","7":"product_cat-machines-a-polir-doubles","9":"first","10":"instock","11":"featured","12":"taxable","13":"shipping-taxable","14":"purchasable","15":"product-type-simple"},"acf":[],"_links":{"self":[{"href":"https:\/\/mdbouwmachines.be\/fr\/wp-json\/wp\/v2\/product\/14113","targetHints":{"allow":["GET"]}}],"collection":[{"href":"https:\/\/mdbouwmachines.be\/fr\/wp-json\/wp\/v2\/product"}],"about":[{"href":"https:\/\/mdbouwmachines.be\/fr\/wp-json\/wp\/v2\/types\/product"}],"wp:featuredmedia":[{"embeddable":true,"href":"https:\/\/mdbouwmachines.be\/fr\/wp-json\/wp\/v2\/media\/18161"}],"wp:attachment":[{"href":"https:\/\/mdbouwmachines.be\/fr\/wp-json\/wp\/v2\/media?parent=14113"}],"wp:term":[{"taxonomy":"product_brand","embeddable":true,"href":"https:\/\/mdbouwmachines.be\/fr\/wp-json\/wp\/v2\/product_brand?post=14113"},{"taxonomy":"product_cat","embeddable":true,"href":"https:\/\/mdbouwmachines.be\/fr\/wp-json\/wp\/v2\/product_cat?post=14113"},{"taxonomy":"product_tag","embeddable":true,"href":"https:\/\/mdbouwmachines.be\/fr\/wp-json\/wp\/v2\/product_tag?post=14113"}],"curies":[{"name":"wp","href":"https:\/\/api.w.org\/{rel}","templated":true}]}}