{"id":13991,"date":"2025-01-24T09:53:47","date_gmt":"2025-01-24T08:53:47","guid":{"rendered":"https:\/\/mdbouwmachines.be\/product\/honda-eu10is\/"},"modified":"2025-06-23T12:34:40","modified_gmt":"2025-06-23T11:34:40","slug":"honda-eu10is","status":"publish","type":"product","link":"https:\/\/mdbouwmachines.be\/fr\/produit\/honda-eu10is\/","title":{"rendered":"Honda EU10i"},"content":{"rendered":"","protected":false},"excerpt":{"rendered":"<p><strong>G\u00e9n\u00e9rateur:<\/strong><\/p>\n<table>\n<tbody>\n<tr>\n<td colspan=\"1\" rowspan=\"1\">\n<p>R\u00e9gulation de tension<\/p>\n<\/td>\n<td colspan=\"1\" rowspan=\"1\">\n<p>Onduleur<\/p>\n<\/td>\n<\/tr>\n<tr>\n<td colspan=\"1\" rowspan=\"1\">\n<p>Taper<\/p>\n<\/td>\n<td colspan=\"1\" rowspan=\"1\">\n<p>Monophas\u00e9<\/p>\n<\/td>\n<\/tr>\n<tr>\n<td colspan=\"1\" rowspan=\"1\">\n<p>Puissance max. (230 V) (W)<\/p>\n<\/td>\n<td colspan=\"1\" rowspan=\"1\">\n<p>1000<\/p>\n<\/td>\n<\/tr>\n<tr>\n<td colspan=\"1\" rowspan=\"1\">\n<p>Puissance continue (230 V) (W)<\/p>\n<\/td>\n<td colspan=\"1\" rowspan=\"1\">\n<p>900<\/p>\n<\/td>\n<\/tr>\n<tr>\n<td colspan=\"1\" rowspan=\"1\">\n<p>Tension nominale (V)<\/p>\n<\/td>\n<td colspan=\"1\" rowspan=\"1\">\n<p>230<\/p>\n<\/td>\n<\/tr>\n<tr>\n<td colspan=\"1\" rowspan=\"1\">\n<p>Fr\u00e9quence nominale (Hz)<\/p>\n<\/td>\n<td colspan=\"1\" rowspan=\"1\">\n<p>50<\/p>\n<\/td>\n<\/tr>\n<tr>\n<td colspan=\"1\" rowspan=\"1\">\n<p>Courant (maximum) (A)<\/p>\n<\/td>\n<td colspan=\"1\" rowspan=\"1\">\n<p>3,9<\/p>\n<\/td>\n<\/tr>\n<tr>\n<td colspan=\"1\" rowspan=\"1\">\n<p>Sortie CC<\/p>\n<\/td>\n<td colspan=\"1\" rowspan=\"1\">\n<p>12V \/ 8A<\/p>\n<\/td>\n<\/tr>\n<\/tbody>\n<\/table>\n<p style=\"text-align: start\">&nbsp;<\/p>\n<p style=\"text-align: start\"><strong>Moteur:<\/strong><\/p>\n<table>\n<tbody>\n<tr>\n<td colspan=\"1\" rowspan=\"1\">\n<p>Mod\u00e8le de moteur<\/p>\n<\/td>\n<td colspan=\"1\" rowspan=\"1\">\n<p>GXH50<\/p>\n<\/td>\n<\/tr>\n<tr>\n<td colspan=\"1\" rowspan=\"1\">\n<p>Moteur<\/p>\n<\/td>\n<td colspan=\"1\" rowspan=\"1\">\n<p>4 temps, OHV, 1 cylindre<\/p>\n<\/td>\n<\/tr>\n<tr>\n<td colspan=\"1\" rowspan=\"1\">\n<p>Cylindr\u00e9e (cm\u00b3)<\/p>\n<\/td>\n<td colspan=\"1\" rowspan=\"1\">\n<p>49.4<\/p>\n<\/td>\n<\/tr>\n<tr>\n<td colspan=\"1\" rowspan=\"1\">\n<p>Al\u00e9sage x course (mm)<\/p>\n<\/td>\n<td colspan=\"1\" rowspan=\"1\">\n<p>41,8 x 36<\/p>\n<\/td>\n<\/tr>\n<tr>\n<td colspan=\"1\" rowspan=\"1\">\n<p>R\u00e9gime moteur (tr\/min)<\/p>\n<\/td>\n<td colspan=\"1\" rowspan=\"1\">\n<p>4 500 maximum<\/p>\n<\/td>\n<\/tr>\n<tr>\n<td colspan=\"1\" rowspan=\"1\">\n<p>Circuit de refroidissement<\/p>\n<\/td>\n<td colspan=\"1\" rowspan=\"1\">\n<p>Refroidissement par air forc\u00e9<\/p>\n<\/td>\n<\/tr>\n<tr>\n<td colspan=\"1\" rowspan=\"1\">\n<p>Syst\u00e8me d&rsquo;allumage<\/p>\n<\/td>\n<td colspan=\"1\" rowspan=\"1\">\n<p>Transistor<\/p>\n<\/td>\n<\/tr>\n<tr>\n<td colspan=\"1\" rowspan=\"1\">\n<p>Capacit\u00e9 d&rsquo;huile moteur (l)<\/p>\n<\/td>\n<td colspan=\"1\" rowspan=\"1\">\n<p>0,25<\/p>\n<\/td>\n<\/tr>\n<tr>\n<td colspan=\"1\" rowspan=\"1\">\n<p>Capacit\u00e9 du r\u00e9servoir de carburant (l)<\/p>\n<\/td>\n<td colspan=\"1\" rowspan=\"1\">\n<p>2,1<\/p>\n<\/td>\n<\/tr>\n<tr>\n<td colspan=\"1\" rowspan=\"1\">\n<p>Dur\u00e9e de fonctionnement nominale<\/p>\n<\/td>\n<td colspan=\"1\" rowspan=\"1\">\n<p>3h30<\/p>\n<\/td>\n<\/tr>\n<tr>\n<td colspan=\"1\" rowspan=\"1\">\n<p>Syst\u00e8me de d\u00e9marrage<\/p>\n<\/td>\n<td colspan=\"1\" rowspan=\"1\">\n<p>D\u00e9but des r\u00e9p\u00e9titions<\/p>\n<\/td>\n<\/tr>\n<tr>\n<td colspan=\"1\" rowspan=\"1\">\n<p>Niveau de bruit au poste de travail (dB(A))<\/p>\n<\/td>\n<td colspan=\"1\" rowspan=\"1\">\n<p>70<\/p>\n<\/td>\n<\/tr>\n<tr>\n<td colspan=\"1\" rowspan=\"1\">\n<p>Puissance sonore garantie. niveau (dB(A)) <\/p>\n<\/td>\n<td colspan=\"1\" rowspan=\"1\">\n<p>87<\/p>\n<\/td>\n<\/tr>\n<\/tbody>\n<\/table>\n","protected":false},"featured_media":9207,"template":"","meta":{"_acf_changed":false},"product_brand":[1198],"product_cat":[670],"product_tag":[],"class_list":{"0":"post-13991","1":"product","2":"type-product","3":"status-publish","4":"has-post-thumbnail","6":"product_brand-honda-fr","7":"product_cat-groupes-electrogene","9":"first","10":"instock","11":"sale","12":"taxable","13":"shipping-taxable","14":"purchasable","15":"product-type-simple"},"acf":[],"_links":{"self":[{"href":"https:\/\/mdbouwmachines.be\/fr\/wp-json\/wp\/v2\/product\/13991","targetHints":{"allow":["GET"]}}],"collection":[{"href":"https:\/\/mdbouwmachines.be\/fr\/wp-json\/wp\/v2\/product"}],"about":[{"href":"https:\/\/mdbouwmachines.be\/fr\/wp-json\/wp\/v2\/types\/product"}],"wp:featuredmedia":[{"embeddable":true,"href":"https:\/\/mdbouwmachines.be\/fr\/wp-json\/wp\/v2\/media\/9207"}],"wp:attachment":[{"href":"https:\/\/mdbouwmachines.be\/fr\/wp-json\/wp\/v2\/media?parent=13991"}],"wp:term":[{"taxonomy":"product_brand","embeddable":true,"href":"https:\/\/mdbouwmachines.be\/fr\/wp-json\/wp\/v2\/product_brand?post=13991"},{"taxonomy":"product_cat","embeddable":true,"href":"https:\/\/mdbouwmachines.be\/fr\/wp-json\/wp\/v2\/product_cat?post=13991"},{"taxonomy":"product_tag","embeddable":true,"href":"https:\/\/mdbouwmachines.be\/fr\/wp-json\/wp\/v2\/product_tag?post=13991"}],"curies":[{"name":"wp","href":"https:\/\/api.w.org\/{rel}","templated":true}]}}