{"id":13984,"date":"2025-01-24T09:53:47","date_gmt":"2025-01-24T09:53:47","guid":{"rendered":"https:\/\/mdbouwmachines.be\/product\/honda-eu22is\/"},"modified":"2025-06-20T09:58:17","modified_gmt":"2025-06-20T08:58:17","slug":"honda-eu22is","status":"publish","type":"product","link":"https:\/\/mdbouwmachines.be\/fr\/produit\/honda-eu22is\/","title":{"rendered":"Honda EU22i"},"content":{"rendered":"","protected":false},"excerpt":{"rendered":"<p><strong>R\u00e9gulation de tension :<\/strong> Onduleur <strong><br \/>Type :<\/strong> Monophas\u00e9<strong><br \/>Max. puissance (230 V) (W) :    <\/strong>2200<strong><br \/>Puissance continue (230 V) (W) :    <\/strong>1800<strong><br \/>Tension nominale (V) :  <\/strong>230<strong><br \/>Fr\u00e9quence nominale (Hz) :  <\/strong>50<strong><br \/>Courant (maximum) (A) :  <\/strong>7,8<strong><br \/>Sortie CC :  <\/strong>12V \/ 8A<strong><br \/>Mod\u00e8le moteur :  <\/strong>GXR120<strong><br \/>Moteur :<\/strong>  4 temps, OHV, 1 cylindre<strong><br \/>Cylindr\u00e9e (cm\u00b3) :  <\/strong>98.5<strong><br \/>Al\u00e9sage x course (mm) :  <\/strong>56 x 40<strong><br \/>R\u00e9gime moteur (tr\/min) :  <\/strong>5 000 maximum<strong><br \/>Circuit de refroidissement:  <\/strong>Refroidissement par air forc\u00e9<strong><br \/>Syst\u00e8me d&rsquo;allumage :  <\/strong>Transistor<strong><br \/>Capacit\u00e9 d&rsquo;huile moteur (l) :  <\/strong>0,4<strong><br \/>Capacit\u00e9 du r\u00e9servoir de carburant (l) :  <\/strong>3,6<strong><br \/>Dur\u00e9e de fonctionnement nominale :<\/strong>  3h30<strong><br \/>Syst\u00e8me de d\u00e9marrage :  <\/strong>D\u00e9but des r\u00e9p\u00e9titions<strong><br \/>Niveau sonore au poste de travail (dB(A)) :  <\/strong>71<strong><br \/>Puissance sonore garantie. niveau (dB(A)) : <\/strong>  89 <strong><br \/>Longueur (mm) :<\/strong> 512 <strong><br \/>Largeur (mm) :<\/strong> 290 <strong><br \/>Hauteur (mm) :<\/strong> 425 <strong><br \/>Poids (kg) :<\/strong> 20,7<\/p>\n","protected":false},"featured_media":19040,"template":"","meta":{"_acf_changed":false},"product_brand":[1198],"product_cat":[670],"product_tag":[],"class_list":{"0":"post-13984","1":"product","2":"type-product","3":"status-publish","4":"has-post-thumbnail","6":"product_brand-honda-fr","7":"product_cat-groupes-electrogene","9":"first","10":"outofstock","11":"sale","12":"taxable","13":"shipping-taxable","14":"purchasable","15":"product-type-simple"},"acf":[],"_links":{"self":[{"href":"https:\/\/mdbouwmachines.be\/fr\/wp-json\/wp\/v2\/product\/13984","targetHints":{"allow":["GET"]}}],"collection":[{"href":"https:\/\/mdbouwmachines.be\/fr\/wp-json\/wp\/v2\/product"}],"about":[{"href":"https:\/\/mdbouwmachines.be\/fr\/wp-json\/wp\/v2\/types\/product"}],"wp:featuredmedia":[{"embeddable":true,"href":"https:\/\/mdbouwmachines.be\/fr\/wp-json\/wp\/v2\/media\/19040"}],"wp:attachment":[{"href":"https:\/\/mdbouwmachines.be\/fr\/wp-json\/wp\/v2\/media?parent=13984"}],"wp:term":[{"taxonomy":"product_brand","embeddable":true,"href":"https:\/\/mdbouwmachines.be\/fr\/wp-json\/wp\/v2\/product_brand?post=13984"},{"taxonomy":"product_cat","embeddable":true,"href":"https:\/\/mdbouwmachines.be\/fr\/wp-json\/wp\/v2\/product_cat?post=13984"},{"taxonomy":"product_tag","embeddable":true,"href":"https:\/\/mdbouwmachines.be\/fr\/wp-json\/wp\/v2\/product_tag?post=13984"}],"curies":[{"name":"wp","href":"https:\/\/api.w.org\/{rel}","templated":true}]}}