{"id":13962,"date":"2025-01-24T09:53:43","date_gmt":"2025-01-24T08:53:43","guid":{"rendered":"https:\/\/mdbouwmachines.be\/product\/scie-a-sol-flexible-pour-beton-cs60-humide-sur-rail\/"},"modified":"2025-01-24T09:53:43","modified_gmt":"2025-01-24T08:53:43","slug":"scie-a-sol-flexible-pour-beton-cs60-humide-sur-rail","status":"publish","type":"product","link":"https:\/\/mdbouwmachines.be\/fr\/produit\/scie-a-sol-flexible-pour-beton-cs60-humide-sur-rail\/","title":{"rendered":"Scie \u00e0 sol flexible pour b\u00e9ton CS60 humide sur rail"},"content":{"rendered":"","protected":false},"excerpt":{"rendered":"<ul>\n<li>\n<p>Id\u00e9al pour la r\u00e9alisation de caniveaux d&rsquo;\u00e9vacuation d&rsquo;eau dans les appuis de fen\u00eatre, les marches ou les plans de travail, la pose de panneaux de fa\u00e7ade et de terrazzo, la r\u00e9novation des joints de sol<\/p>\n<\/li>\n<li>\n<p>Interrupteur de s\u00e9curit\u00e9 PRCD int\u00e9gr\u00e9 au c\u00e2ble<\/p>\n<\/li>\n<li>\n<p>Raccord rapide en laiton : pour tuyau d&rsquo;arrosage \u00bd\"<\/p>\n<\/li>\n<li>\n<p>Moteur haute performance : extra puissant pour scier la pierre et fraiser les joints<\/p>\n<\/li>\n<li>\n<p>R\u00e9glage en continu de la profondeur de coupe de 0 \u00e0 60 mm, avec guidage jusqu&rsquo;\u00e0 54 mm. \u00c0 onglet de 0 \u00e0 44 mm, avec guidage jusqu&rsquo;\u00e0 38 mm <\/p>\n<\/li>\n<li>\n<p>R\u00e9glage d&rsquo;angle en continu pour le travail en onglet de 0 \u00e0 45\u00b0<\/p>\n<\/li>\n<li>\n<p>Marquage de coupe sur la plaque de guidage de 0\u00b0\/30\u00b0\/45\u00b0 pour un positionnement rapide.<\/p>\n<\/li>\n<li>\n<p>Couvercle de protection et plaque coulissante de haute qualit\u00e9 en magn\u00e9sium moul\u00e9 sous pression<\/p>\n<\/li>\n<li>\n<p>La protection en caoutchouc du moteur emp\u00eache l&rsquo;aspiration directe des \u00e9claboussures d&rsquo;eau<\/p>\n<\/li>\n<li>\n<p>Alimentation en eau : pour un refroidissement efficace de l&rsquo;outil diamant\u00e9<\/p>\n<\/li>\n<li>\n<p>Blocage d&rsquo;essieu<\/p>\n<\/li>\n<\/ul>\n","protected":false},"featured_media":9167,"template":"","meta":{"_acf_changed":false},"product_brand":[1173],"product_cat":[368],"product_tag":[],"class_list":{"0":"post-13962","1":"product","2":"type-product","3":"status-publish","4":"has-post-thumbnail","6":"product_brand-flex-fr","7":"product_cat-machines-a-main","9":"first","10":"instock","11":"taxable","12":"shipping-taxable","13":"purchasable","14":"product-type-simple"},"acf":[],"_links":{"self":[{"href":"https:\/\/mdbouwmachines.be\/fr\/wp-json\/wp\/v2\/product\/13962","targetHints":{"allow":["GET"]}}],"collection":[{"href":"https:\/\/mdbouwmachines.be\/fr\/wp-json\/wp\/v2\/product"}],"about":[{"href":"https:\/\/mdbouwmachines.be\/fr\/wp-json\/wp\/v2\/types\/product"}],"wp:featuredmedia":[{"embeddable":true,"href":"https:\/\/mdbouwmachines.be\/fr\/wp-json\/wp\/v2\/media\/9167"}],"wp:attachment":[{"href":"https:\/\/mdbouwmachines.be\/fr\/wp-json\/wp\/v2\/media?parent=13962"}],"wp:term":[{"taxonomy":"product_brand","embeddable":true,"href":"https:\/\/mdbouwmachines.be\/fr\/wp-json\/wp\/v2\/product_brand?post=13962"},{"taxonomy":"product_cat","embeddable":true,"href":"https:\/\/mdbouwmachines.be\/fr\/wp-json\/wp\/v2\/product_cat?post=13962"},{"taxonomy":"product_tag","embeddable":true,"href":"https:\/\/mdbouwmachines.be\/fr\/wp-json\/wp\/v2\/product_tag?post=13962"}],"curies":[{"name":"wp","href":"https:\/\/api.w.org\/{rel}","templated":true}]}}