{"id":13684,"date":"2025-01-24T10:53:53","date_gmt":"2025-01-24T09:53:53","guid":{"rendered":"https:\/\/mdbouwmachines.be\/product\/vieux-beton\/"},"modified":"2025-02-11T14:14:00","modified_gmt":"2025-02-11T13:14:00","slug":"vieux-beton","status":"publish","type":"product","link":"https:\/\/mdbouwmachines.be\/fr\/produit\/vieux-beton\/","title":{"rendered":"B\u00e9ton ancien FSL"},"content":{"rendered":"","protected":false},"excerpt":{"rendered":"<p><span>Pour machines jusqu&rsquo;\u00e0 15 kW\/20 ch, agr\u00e9gats tendres \u00e0 tr\u00e8s durs. D\u00e9tails : Soud\u00e9 au laser jusqu&rsquo;au diam\u00e8tre 1 200 mm. Forme sp\u00e9ciale du segment avec fonction de protection contre l&rsquo;usure pr\u00e9matur\u00e9e de la lame de tige dans la zone de raccordement (effet de contre-d\u00e9pouille). Convient pour la r\u00e9novation, la d\u00e9molition contr\u00f4l\u00e9e et la d\u00e9molition de routes, autoroutes, a\u00e9roports, ponts et b\u00e2timents industriels. Convient \u00e9galement pour enlever et scier des plafonds endommag\u00e9s d&rsquo;une \u00e9paisseur allant jusqu&rsquo;\u00e0 50 cm. Ces outils se caract\u00e9risent par une vitesse de coupe extr\u00eamement \u00e9lev\u00e9e, une longue dur\u00e9e de vie et une charge minimale sur la machine.     <\/span><\/p>\n<p>Trou d&rsquo;essieu 25,4 mm<\/p>\n","protected":false},"featured_media":9219,"template":"","meta":{"_acf_changed":false},"product_brand":[1152],"product_cat":[623],"product_tag":[],"class_list":{"0":"post-13684","1":"product","2":"type-product","3":"status-publish","4":"has-post-thumbnail","6":"product_brand-tyrolit-fr","7":"product_cat-lames-de-scie","9":"first","10":"instock","11":"taxable","12":"shipping-taxable","13":"purchasable","14":"product-type-variable","15":"has-default-attributes"},"acf":[],"_links":{"self":[{"href":"https:\/\/mdbouwmachines.be\/fr\/wp-json\/wp\/v2\/product\/13684","targetHints":{"allow":["GET"]}}],"collection":[{"href":"https:\/\/mdbouwmachines.be\/fr\/wp-json\/wp\/v2\/product"}],"about":[{"href":"https:\/\/mdbouwmachines.be\/fr\/wp-json\/wp\/v2\/types\/product"}],"wp:featuredmedia":[{"embeddable":true,"href":"https:\/\/mdbouwmachines.be\/fr\/wp-json\/wp\/v2\/media\/9219"}],"wp:attachment":[{"href":"https:\/\/mdbouwmachines.be\/fr\/wp-json\/wp\/v2\/media?parent=13684"}],"wp:term":[{"taxonomy":"product_brand","embeddable":true,"href":"https:\/\/mdbouwmachines.be\/fr\/wp-json\/wp\/v2\/product_brand?post=13684"},{"taxonomy":"product_cat","embeddable":true,"href":"https:\/\/mdbouwmachines.be\/fr\/wp-json\/wp\/v2\/product_cat?post=13684"},{"taxonomy":"product_tag","embeddable":true,"href":"https:\/\/mdbouwmachines.be\/fr\/wp-json\/wp\/v2\/product_tag?post=13684"}],"curies":[{"name":"wp","href":"https:\/\/api.w.org\/{rel}","templated":true}]}}