{"id":13643,"date":"2025-02-11T10:30:25","date_gmt":"2025-02-11T09:30:25","guid":{"rendered":"https:\/\/mdbouwmachines.be\/product\/beton-frais-md-350-premium\/"},"modified":"2025-02-11T10:30:25","modified_gmt":"2025-02-11T09:30:25","slug":"beton-frais-md-350-premium","status":"publish","type":"product","link":"https:\/\/mdbouwmachines.be\/fr\/produit\/beton-frais-md-350-premium\/","title":{"rendered":"B\u00e9ton frais MD 350 Premium"},"content":{"rendered":"","protected":false},"excerpt":{"rendered":"<p>La lame de scie la plus vendue pour b\u00e9ton frais diam\u00e8tre 350 pour SCIES \u00c0 SOL ! (trou d&rsquo;essieu 25,4) PREMIUM (segmentation plus difficile)<\/p>\n<p><span>Joints de dilatation \/ joints d&rsquo;extension dans la construction routi\u00e8re. Pour machines jusqu&rsquo;\u00e0 15 kW \/ hydr. jusqu&rsquo;\u00e0 50 kW universel, agr\u00e9gats de b\u00e9ton tendres \u00e0 tr\u00e8s durs. D\u00e9tails : Tous les diam\u00e8tres soud\u00e9s au laser. Avec segment de protection contre l&rsquo;usure du noyau en acier dans la zone de raccordement \u2013 \u200b\u200bcontre-d\u00e9pouille. Bords de joint tr\u00e8s nets, coupe extr\u00eamement rapide.     <\/span><\/p>\n","protected":false},"featured_media":13624,"template":"","meta":{"_acf_changed":false},"product_brand":[1133],"product_cat":[623],"product_tag":[],"class_list":{"0":"post-13643","1":"product","2":"type-product","3":"status-publish","4":"has-post-thumbnail","6":"product_brand-md-bouwmachines-fr","7":"product_cat-lames-de-scie","9":"first","10":"instock","11":"taxable","12":"shipping-taxable","13":"purchasable","14":"product-type-variable","15":"has-default-attributes"},"acf":[],"_links":{"self":[{"href":"https:\/\/mdbouwmachines.be\/fr\/wp-json\/wp\/v2\/product\/13643","targetHints":{"allow":["GET"]}}],"collection":[{"href":"https:\/\/mdbouwmachines.be\/fr\/wp-json\/wp\/v2\/product"}],"about":[{"href":"https:\/\/mdbouwmachines.be\/fr\/wp-json\/wp\/v2\/types\/product"}],"wp:featuredmedia":[{"embeddable":true,"href":"https:\/\/mdbouwmachines.be\/fr\/wp-json\/wp\/v2\/media\/13624"}],"wp:attachment":[{"href":"https:\/\/mdbouwmachines.be\/fr\/wp-json\/wp\/v2\/media?parent=13643"}],"wp:term":[{"taxonomy":"product_brand","embeddable":true,"href":"https:\/\/mdbouwmachines.be\/fr\/wp-json\/wp\/v2\/product_brand?post=13643"},{"taxonomy":"product_cat","embeddable":true,"href":"https:\/\/mdbouwmachines.be\/fr\/wp-json\/wp\/v2\/product_cat?post=13643"},{"taxonomy":"product_tag","embeddable":true,"href":"https:\/\/mdbouwmachines.be\/fr\/wp-json\/wp\/v2\/product_tag?post=13643"}],"curies":[{"name":"wp","href":"https:\/\/api.w.org\/{rel}","templated":true}]}}