{"id":13597,"date":"2025-02-11T08:58:42","date_gmt":"2025-02-11T07:58:42","guid":{"rendered":"https:\/\/mdbouwmachines.be\/product\/batterie-mk8-90-conmec\/"},"modified":"2025-06-23T12:36:44","modified_gmt":"2025-06-23T11:36:44","slug":"batterie-mk8-90-conmec","status":"publish","type":"product","link":"https:\/\/mdbouwmachines.be\/fr\/produit\/batterie-mk8-90-conmec\/","title":{"rendered":"CONMEC \u00c9lectrique 8-90"},"content":{"rendered":"","protected":false},"excerpt":{"rendered":"<p>La polisseuse \u00e0 batterie double 90. Avec un poids de 390 kg et un ch\u00e2ssis en acier solide, c&rsquo;est une machine extr\u00eamement robuste. Toujours fourni avec 2 batteries lithium-ion de 66 kg chacune, qui peuvent fonctionner \u00e0 plein r\u00e9gime pendant 90 minutes. La batterie se charge plus rapidement que vous ne pouvez l&rsquo;utiliser en 1 heure avec le compresseur 380 V. Livr\u00e9 \u00e9galement avec un chargeur 220 V qui charge la batterie en 5 heures. Un syst\u00e8me de transport pour la batterie et la machine est \u00e9galement inclus !    <\/p>\n","protected":false},"featured_media":13544,"template":"","meta":{"_acf_changed":false},"product_brand":[1221],"product_cat":[364],"product_tag":[],"class_list":{"0":"post-13597","1":"product","2":"type-product","3":"status-publish","4":"has-post-thumbnail","6":"product_brand-conmec-fr","7":"product_cat-machines-a-polir-doubles","9":"first","10":"instock","11":"taxable","12":"shipping-taxable","13":"purchasable","14":"product-type-simple"},"acf":[],"_links":{"self":[{"href":"https:\/\/mdbouwmachines.be\/fr\/wp-json\/wp\/v2\/product\/13597","targetHints":{"allow":["GET"]}}],"collection":[{"href":"https:\/\/mdbouwmachines.be\/fr\/wp-json\/wp\/v2\/product"}],"about":[{"href":"https:\/\/mdbouwmachines.be\/fr\/wp-json\/wp\/v2\/types\/product"}],"wp:featuredmedia":[{"embeddable":true,"href":"https:\/\/mdbouwmachines.be\/fr\/wp-json\/wp\/v2\/media\/13544"}],"wp:attachment":[{"href":"https:\/\/mdbouwmachines.be\/fr\/wp-json\/wp\/v2\/media?parent=13597"}],"wp:term":[{"taxonomy":"product_brand","embeddable":true,"href":"https:\/\/mdbouwmachines.be\/fr\/wp-json\/wp\/v2\/product_brand?post=13597"},{"taxonomy":"product_cat","embeddable":true,"href":"https:\/\/mdbouwmachines.be\/fr\/wp-json\/wp\/v2\/product_cat?post=13597"},{"taxonomy":"product_tag","embeddable":true,"href":"https:\/\/mdbouwmachines.be\/fr\/wp-json\/wp\/v2\/product_tag?post=13597"}],"curies":[{"name":"wp","href":"https:\/\/api.w.org\/{rel}","templated":true}]}}