{"id":13490,"date":"2025-02-11T08:45:32","date_gmt":"2025-02-11T07:45:32","guid":{"rendered":"https:\/\/mdbouwmachines.be\/product\/moustique-60\/"},"modified":"2025-06-23T12:36:11","modified_gmt":"2025-06-23T11:36:11","slug":"moustique-60","status":"publish","type":"product","link":"https:\/\/mdbouwmachines.be\/fr\/produit\/moustique-60\/","title":{"rendered":"Barikell Moskito 60"},"content":{"rendered":"\n<hr class=\"wp-block-separator has-alpha-channel-opacity is-style-dots\" \/>\n\n<h2 class=\"wp-block-heading\">D\u00e9finition<\/h2>\n\n<p><strong>Histoire<\/strong>\u00a0: Le finisseur de dentelle \u00ab\u00a0Moskito\u00a0\u00bb a \u00e9t\u00e9 invent\u00e9 par Luigi Barichello, le p\u00e8re fondateur du c\u00e9l\u00e8bre groupe Barikell.<\/p>\n\n<p>Le Moskito 60 est \u00e9quip\u00e9 d\u2019une bague stabilisatrice. Cela permet de finir jusqu\u2019au mur. De plus, la poign\u00e9e est pliable et la machine est \u00e9quip\u00e9e d\u2019un crochet de levage. Cela garantit que la machine est tr\u00e8s facile \u00e0 transporter sans prendre beaucoup de place.<br\/>Cela fait du Moskito 60 la machine parfaite pour la construction de piscines, terrasses, &#8230; et pour les sols int\u00e9rieurs en b\u00e9ton.   <\/p>\n\n<p>La machine est disponible avec 4 bras ou avec 6 bras pour une meilleure r\u00e9partition du poids et une sensation encore plus stable lors du polissage.<\/p>\n\n<p>Cette plaisante est \u00e9quip\u00e9e de s\u00e9rie d\u2019un moteur Honda de 5,5 ch (GX 160), mais peut \u00eatre \u00e9quip\u00e9e en option d\u2019un moteur Honda de 6,5 ch (GX 200) ou d\u2019un moteur Robin de 6,0 ch.<\/p>\n\n<hr class=\"wp-block-separator has-alpha-channel-opacity\" \/>\n\n<h2 class=\"wp-block-heading\">Informations techniques<\/h2>\n\n<h3 class=\"wp-block-heading\"><strong>G\u00e9n\u00e9ralit\u00e9s<\/strong><\/h3>\n\n<figure class=\"wp-block-table\"><table class=\"has-fixed-layout\"><tbody><tr><td>Diam\u00e8tre de travail<\/td><td>60 cm<\/td><\/tr><\/tbody><\/table><\/figure>\n\n<h3 class=\"wp-block-heading\"><strong>Taille<\/strong><\/h3>\n\n<figure class=\"wp-block-table\"><table class=\"has-fixed-layout\"><tbody><tr><td>Longueur (mm)<\/td><td>1406<\/td><\/tr><tr><td>Largeur (mm)<\/td><td>600<\/td><\/tr><tr><td>Hauteur (mm)<\/td><td>1000<\/td><\/tr><tr><td>Poids (kg)<\/td><td>50 (\u00b1)<\/td><\/tr><\/tbody><\/table><\/figure>\n","protected":false},"excerpt":{"rendered":"<p>La Barikell Moskito 60 est une machine \u00e0 polir unique diam\u00e8tre 60, sp\u00e9cialement con\u00e7ue pour le pliage.<\/p>\n<p>Cette machine est toujours adapt\u00e9e en standard avec notre kit d\u2019engrenages personnalis\u00e9 et avec un roulement d\u2019embrayage SKF pour une dur\u00e9e de vie plus longue.  <\/p>\n","protected":false},"featured_media":18711,"template":"","meta":{"_acf_changed":false},"product_brand":[1123],"product_cat":[488],"product_tag":[],"class_list":{"0":"post-13490","1":"product","2":"type-product","3":"status-publish","4":"has-post-thumbnail","6":"product_brand-barikell-fr","7":"product_cat-finisseurs-de-chants","9":"first","10":"instock","11":"featured","12":"taxable","13":"shipping-taxable","14":"purchasable","15":"product-type-variable","16":"has-default-attributes"},"acf":[],"_links":{"self":[{"href":"https:\/\/mdbouwmachines.be\/fr\/wp-json\/wp\/v2\/product\/13490","targetHints":{"allow":["GET"]}}],"collection":[{"href":"https:\/\/mdbouwmachines.be\/fr\/wp-json\/wp\/v2\/product"}],"about":[{"href":"https:\/\/mdbouwmachines.be\/fr\/wp-json\/wp\/v2\/types\/product"}],"wp:featuredmedia":[{"embeddable":true,"href":"https:\/\/mdbouwmachines.be\/fr\/wp-json\/wp\/v2\/media\/18711"}],"wp:attachment":[{"href":"https:\/\/mdbouwmachines.be\/fr\/wp-json\/wp\/v2\/media?parent=13490"}],"wp:term":[{"taxonomy":"product_brand","embeddable":true,"href":"https:\/\/mdbouwmachines.be\/fr\/wp-json\/wp\/v2\/product_brand?post=13490"},{"taxonomy":"product_cat","embeddable":true,"href":"https:\/\/mdbouwmachines.be\/fr\/wp-json\/wp\/v2\/product_cat?post=13490"},{"taxonomy":"product_tag","embeddable":true,"href":"https:\/\/mdbouwmachines.be\/fr\/wp-json\/wp\/v2\/product_tag?post=13490"}],"curies":[{"name":"wp","href":"https:\/\/api.w.org\/{rel}","templated":true}]}}